{"id":10582,"date":"2023-11-10T23:42:21","date_gmt":"2023-11-11T02:42:21","guid":{"rendered":"https:\/\/gymupstore.cl\/?post_type=product&#038;p=10582"},"modified":"2025-01-14T16:30:50","modified_gmt":"2025-01-14T19:30:50","slug":"look-back-ivrea-argentina","status":"publish","type":"product","link":"https:\/\/gymupstore.cl\/index.php\/producto\/look-back-ivrea-argentina\/","title":{"rendered":"Look Back | Ivrea Argentina"},"content":{"rendered":"<p>\u00a1EL \u00daLTIMO TRABAJO DEL AUTOR DE CHAINSAW MAN!<\/p>\n<p>Fujino cree firmemente en su propio talento; Kyomoto no sale nunca de su habitaci\u00f3n. La imparable pasi\u00f3n por dibujar manga une a estas dos chicas que viven en un pueblo apartado. Por mucho que pasen los d\u00edas y meses, hay algo que siempre las ha apoyado&#8230; De un pincel inigualable nace una historia autoconclusiva que rebosa juventud.<\/p>\n","protected":false},"excerpt":{"rendered":"<p><strong>T\u00edtulo original:<\/strong>\u00a0Look Back (\u30eb\u30c3\u30af\u30d0\u30c3\u30af)<\/p>\n<p>SHONEN<br \/>\nTomo unitario<\/p>\n","protected":false},"featured_media":10583,"comment_status":"open","ping_status":"closed","template":"","meta":[],"location":[495],"product_cat":[520,599,652,496],"product_tag":[],"locations":[{"id":495,"name":"PMC","slug":"gymupstore-pmc","quantity":"3"}],"_links":{"self":[{"href":"https:\/\/gymupstore.cl\/index.php\/wp-json\/wp\/v2\/product\/10582"}],"collection":[{"href":"https:\/\/gymupstore.cl\/index.php\/wp-json\/wp\/v2\/product"}],"about":[{"href":"https:\/\/gymupstore.cl\/index.php\/wp-json\/wp\/v2\/types\/product"}],"replies":[{"embeddable":true,"href":"https:\/\/gymupstore.cl\/index.php\/wp-json\/wp\/v2\/comments?post=10582"}],"wp:featuredmedia":[{"embeddable":true,"href":"https:\/\/gymupstore.cl\/index.php\/wp-json\/wp\/v2\/media\/10583"}],"wp:attachment":[{"href":"https:\/\/gymupstore.cl\/index.php\/wp-json\/wp\/v2\/media?parent=10582"}],"wp:term":[{"taxonomy":"location","embeddable":true,"href":"https:\/\/gymupstore.cl\/index.php\/wp-json\/wp\/v2\/location?post=10582"},{"taxonomy":"product_cat","embeddable":true,"href":"https:\/\/gymupstore.cl\/index.php\/wp-json\/wp\/v2\/product_cat?post=10582"},{"taxonomy":"product_tag","embeddable":true,"href":"https:\/\/gymupstore.cl\/index.php\/wp-json\/wp\/v2\/product_tag?post=10582"}],"curies":[{"name":"wp","href":"https:\/\/api.w.org\/{rel}","templated":true}]}}