{"id":10576,"date":"2023-11-10T23:32:46","date_gmt":"2023-11-11T02:32:46","guid":{"rendered":"https:\/\/gymupstore.cl\/?post_type=product&#038;p=10576"},"modified":"2025-01-14T16:32:35","modified_gmt":"2025-01-14T19:32:35","slug":"my-hero-academia-team-up-mission-1-ivrea-argentina","status":"publish","type":"product","link":"https:\/\/gymupstore.cl\/index.php\/producto\/my-hero-academia-team-up-mission-1-ivrea-argentina\/","title":{"rendered":"My Hero Academia: Team Up Mission 1 | Ivrea Argentina"},"content":{"rendered":"<p>Un nuevo sistema de asignaci\u00f3n de misiones que combina por equipos a alumnos y h\u00e9roes profesionales, en eso consiste Team up mission. \u00a1Aqu\u00ed van unas historias paralelas que tratan de reflejar la experiencia profesional sobre el terreno para seguir avanzando siempre ?m\u00e1s all\u00e1?! All Might se jubila tras haber sido el s\u00edmbolo de la paz por mantener a raya a los delincuentes y evitar multitud de desgracias. Esto requiere tomar medidas: la opini\u00f3n p\u00fablica pide una nueva hornada de h\u00e9roes, de ah\u00ed que ideen el Team up mission, un sistema en el que los actores principales son los estudiantes, h\u00e9roes incipientes en formaci\u00f3n, para que formen equipo con los h\u00e9roes profesionales para actuar sobre el terreno y les sirva como entrenamiento en cuanto a perfeccionar el trabajo en equipo.<\/p>\n","protected":false},"excerpt":{"rendered":"<p><strong>T\u00edtulo original:<\/strong>\u00a0Boku no Hero Academia: Team Up Mission (\u50d5\u306e\u30d2\u30fc\u30ed\u30fc\u30a2\u30ab\u30c7\u30df\u30a2 \u30c1\u30fc\u30e0\u30a2\u30c3\u30d7\u30df\u30c3\u30b7\u30e7\u30f3)<\/p>\n<p>SHONEN<\/p>\n","protected":false},"featured_media":10577,"comment_status":"open","ping_status":"closed","template":"","meta":[],"location":[495],"product_cat":[520,665,599,496],"product_tag":[],"locations":[{"id":495,"name":"PMC","slug":"gymupstore-pmc","quantity":"2"}],"_links":{"self":[{"href":"https:\/\/gymupstore.cl\/index.php\/wp-json\/wp\/v2\/product\/10576"}],"collection":[{"href":"https:\/\/gymupstore.cl\/index.php\/wp-json\/wp\/v2\/product"}],"about":[{"href":"https:\/\/gymupstore.cl\/index.php\/wp-json\/wp\/v2\/types\/product"}],"replies":[{"embeddable":true,"href":"https:\/\/gymupstore.cl\/index.php\/wp-json\/wp\/v2\/comments?post=10576"}],"wp:featuredmedia":[{"embeddable":true,"href":"https:\/\/gymupstore.cl\/index.php\/wp-json\/wp\/v2\/media\/10577"}],"wp:attachment":[{"href":"https:\/\/gymupstore.cl\/index.php\/wp-json\/wp\/v2\/media?parent=10576"}],"wp:term":[{"taxonomy":"location","embeddable":true,"href":"https:\/\/gymupstore.cl\/index.php\/wp-json\/wp\/v2\/location?post=10576"},{"taxonomy":"product_cat","embeddable":true,"href":"https:\/\/gymupstore.cl\/index.php\/wp-json\/wp\/v2\/product_cat?post=10576"},{"taxonomy":"product_tag","embeddable":true,"href":"https:\/\/gymupstore.cl\/index.php\/wp-json\/wp\/v2\/product_tag?post=10576"}],"curies":[{"name":"wp","href":"https:\/\/api.w.org\/{rel}","templated":true}]}}