{"id":10574,"date":"2023-11-10T23:27:48","date_gmt":"2023-11-11T02:27:48","guid":{"rendered":"https:\/\/gymupstore.cl\/?post_type=product&#038;p=10574"},"modified":"2025-01-14T16:32:24","modified_gmt":"2025-01-14T19:32:24","slug":"rent-a-girlfriend-1-ivrea-argentina","status":"publish","type":"product","link":"https:\/\/gymupstore.cl\/index.php\/producto\/rent-a-girlfriend-1-ivrea-argentina\/","title":{"rendered":"Rent-a-Girlfriend 1 | Ivrea Argentina"},"content":{"rendered":"<p>Kazuya Kinoshita es un veintea\u00f1ero universitario que est\u00e1 muy feliz con su novia, \u00a1a la que incluso lleg\u00f3 a besar! (\u00a1Kyaaa, hentaiiii!) Pero cuando ella lo deja de golpe, le pega el baj\u00f3n y encuentra su \u00fanico consuelo en una app que te permite alquilar una novia. Y as\u00ed llega a su vida Chizuru Mizuhara, una morocha incre\u00edblemente linda, tanto que parece demasiado buena para ser real. Aunque las sospechas de que \u201cac\u00e1 debe haber trampa en algo\u201d llevan al muchacho a no querer seguir con el jueguito, la abuela termina internada justo a tiempo para salvar la trama. As\u00ed es como Kazuya acaba yendo a ver a la abuela con Chizuru y ella queda tan encantada con la preciosa novia de su nieto que \u00e9l no va a tener otra que continuar con el trato. Muy pronto ambos descubrir\u00e1n que sus caminos est\u00e1n mucho m\u00e1s interconectados de lo que pensaban. Pero para que no sean felices ni coman perdices, la m\u00e1s disparatada variedad de personajes secundarios entrar\u00e1n en escena para enquilombar las cosas.<\/p>\n","protected":false},"excerpt":{"rendered":"<p><strong>T\u00edtulo original:<\/strong>\u00a0Kanojo, Okarishimasu (\u5f7c\u5973\u3001\u304a\u501f\u308a\u3057\u307e\u3059)<\/p>\n<p>SHONEN<\/p>\n","protected":false},"featured_media":10575,"comment_status":"open","ping_status":"closed","template":"","meta":[],"location":[495],"product_cat":[520,664,599,496],"product_tag":[],"locations":[{"id":495,"name":"PMC","slug":"gymupstore-pmc","quantity":"4"}],"_links":{"self":[{"href":"https:\/\/gymupstore.cl\/index.php\/wp-json\/wp\/v2\/product\/10574"}],"collection":[{"href":"https:\/\/gymupstore.cl\/index.php\/wp-json\/wp\/v2\/product"}],"about":[{"href":"https:\/\/gymupstore.cl\/index.php\/wp-json\/wp\/v2\/types\/product"}],"replies":[{"embeddable":true,"href":"https:\/\/gymupstore.cl\/index.php\/wp-json\/wp\/v2\/comments?post=10574"}],"wp:featuredmedia":[{"embeddable":true,"href":"https:\/\/gymupstore.cl\/index.php\/wp-json\/wp\/v2\/media\/10575"}],"wp:attachment":[{"href":"https:\/\/gymupstore.cl\/index.php\/wp-json\/wp\/v2\/media?parent=10574"}],"wp:term":[{"taxonomy":"location","embeddable":true,"href":"https:\/\/gymupstore.cl\/index.php\/wp-json\/wp\/v2\/location?post=10574"},{"taxonomy":"product_cat","embeddable":true,"href":"https:\/\/gymupstore.cl\/index.php\/wp-json\/wp\/v2\/product_cat?post=10574"},{"taxonomy":"product_tag","embeddable":true,"href":"https:\/\/gymupstore.cl\/index.php\/wp-json\/wp\/v2\/product_tag?post=10574"}],"curies":[{"name":"wp","href":"https:\/\/api.w.org\/{rel}","templated":true}]}}