{"id":10571,"date":"2023-11-10T23:23:21","date_gmt":"2023-11-11T02:23:21","guid":{"rendered":"https:\/\/gymupstore.cl\/?post_type=product&#038;p=10571"},"modified":"2023-11-10T23:23:51","modified_gmt":"2023-11-11T02:23:51","slug":"sakamoto-days-1-ivrea-argentina","status":"publish","type":"product","link":"https:\/\/gymupstore.cl\/index.php\/producto\/sakamoto-days-1-ivrea-argentina\/","title":{"rendered":"Sakamoto Days 1 | Ivrea Argentina"},"content":{"rendered":"<p>\u00a1Puede que Taro Sakamoto haya dejado de ser un temible asesino a sueldo, pero algunas costumbres nunca se pierden!<\/p>\n<p>Taro Sakamoto era un asesino a sueldo que dej\u00f3 todo atr\u00e1s cuando conoci\u00f3 a la mujer de su vida. Tiempo despu\u00e9s, con una hija y unos cuantos kilos de m\u00e1s, vive una vida tranquila como due\u00f1o de un konbini, aunque su instinto sigue intacto.<\/p>\n<p>Un antiguo compa\u00f1ero descubre su paradero y a partir de ah\u00ed, otros conocidos suyos y rivales empezar\u00e1n a buscarlo para darle un viaje todo pago al m\u00e1s all\u00e1 de una vez por todas. Con una familia y un negocio que proteger, la cosas se van a poner complicadas para Taro.<\/p>\n<p>\u00a1Pero como si eso fuera poco: entre otras muchas reglas que acord\u00f3 con su mujer, Taro tiene prohibido volver a matar a nadie m\u00e1s! \u00bfC\u00f3mo se las arreglar\u00e1 para proteger su pac\u00edfica vida con la que se le viene encima?<\/p>\n","protected":false},"excerpt":{"rendered":"<p><strong>T\u00edtulo original:<\/strong>\u00a0Sakamoto Days (\u30b5\u30ab\u30e2\u30c8\u30c7\u30a4\u30ba)<\/p>\n<p>&nbsp;<\/p>\n<p>SHONEN<\/p>\n","protected":false},"featured_media":10572,"comment_status":"open","ping_status":"closed","template":"","meta":[],"location":[495],"product_cat":[520,663,599,496],"product_tag":[],"locations":[{"id":495,"name":"PMC","slug":"gymupstore-pmc","quantity":"3"}],"_links":{"self":[{"href":"https:\/\/gymupstore.cl\/index.php\/wp-json\/wp\/v2\/product\/10571"}],"collection":[{"href":"https:\/\/gymupstore.cl\/index.php\/wp-json\/wp\/v2\/product"}],"about":[{"href":"https:\/\/gymupstore.cl\/index.php\/wp-json\/wp\/v2\/types\/product"}],"replies":[{"embeddable":true,"href":"https:\/\/gymupstore.cl\/index.php\/wp-json\/wp\/v2\/comments?post=10571"}],"wp:featuredmedia":[{"embeddable":true,"href":"https:\/\/gymupstore.cl\/index.php\/wp-json\/wp\/v2\/media\/10572"}],"wp:attachment":[{"href":"https:\/\/gymupstore.cl\/index.php\/wp-json\/wp\/v2\/media?parent=10571"}],"wp:term":[{"taxonomy":"location","embeddable":true,"href":"https:\/\/gymupstore.cl\/index.php\/wp-json\/wp\/v2\/location?post=10571"},{"taxonomy":"product_cat","embeddable":true,"href":"https:\/\/gymupstore.cl\/index.php\/wp-json\/wp\/v2\/product_cat?post=10571"},{"taxonomy":"product_tag","embeddable":true,"href":"https:\/\/gymupstore.cl\/index.php\/wp-json\/wp\/v2\/product_tag?post=10571"}],"curies":[{"name":"wp","href":"https:\/\/api.w.org\/{rel}","templated":true}]}}