{"id":10565,"date":"2023-11-10T23:08:20","date_gmt":"2023-11-11T02:08:20","guid":{"rendered":"https:\/\/gymupstore.cl\/?post_type=product&#038;p=10565"},"modified":"2023-11-10T23:08:42","modified_gmt":"2023-11-11T02:08:42","slug":"the-promised-neverland-1-ivrea-argentina","status":"publish","type":"product","link":"https:\/\/gymupstore.cl\/index.php\/producto\/the-promised-neverland-1-ivrea-argentina\/","title":{"rendered":"The Promised Neverland 1 | Ivrea Argentina"},"content":{"rendered":"<p>Los ni\u00f1os del orfanato Grace Field House viven una vida feliz y pac\u00edfica gracias a los cuidados y el cari\u00f1o que les brinda Mam\u00e1, la \u00fanica adulta del lugar. Ah\u00ed viven unos 40 ni\u00f1os y beb\u00e9s que ella alimenta, educa, cuida como si fueran una gran familia y prepara para la vida afuera del orfanato una vez que los adopten. Las \u00fanicas condiciones: seguir las reglas y jam\u00e1s de los jamases atravesar el muro que separa el enorme terreno del resto del mundo. Emma, Norman y Ray son los tres m\u00e1s grandes, inteligentes y despiertos de los chicos que hay en el lugar, pero poco antes de que les toque partir, descubren un espeluznante secreto sobre qu\u00e9 les espera una vez que crucen la puerta.<\/p>\n<p>\u00bfQu\u00e9 son los abominables monstruos que los esperan del otro lado? \u00bfPor qu\u00e9 los educan y alimentan tan bien si su destino es as\u00ed de tremendo? \u00bfHabr\u00e1 notado la maquiav\u00e9lica Mam\u00e1 que los chicos descubrieron la verdad? \u00bfQu\u00e9 a\u00f1o es, en qu\u00e9 parte del mundo est\u00e1n, de d\u00f3nde vienen? y lo m\u00e1s importante: \u00bfc\u00f3mo podr\u00e1n salir de ah\u00ed llevando a los hermanitos beb\u00e9s y nenes que no pueden valerse por s\u00ed mismos? Todas estas intrigas y muchas m\u00e1s se despliegan a lo largo de este manga lleno de misterio y duelos de intelecto al mejor estilo Death Note, en un futuro incierto y desconocido donde los hermanos han de ser unidos, o si no, literalmente los devoran los de afuera.<\/p>\n<p>The Promised Neverland es la \u00f3pera prima del d\u00fao Kaiu Shirai y Posuka Demizu, que desde agosto de 2016 la viene rompiendo en la Weekly Shonen Jump, donde se alz\u00f3 enseguida como una de las nuevas grandes promesas. . La edici\u00f3n de Ivrea ser\u00e1 en tomos iguales a los japoneses (mismo formato que My Hero Academia), con sobrecubierta.<\/p>\n","protected":false},"excerpt":{"rendered":"<p><strong>T\u00edtulo original:<\/strong>\u00a0Yakusoku no Neverland (\u7d04\u675f\u306e\u30cd\u30d0\u30fc\u30e9\u30f3\u30c9)<\/p>\n<p>SH\u00d4NEN<br \/>\nSerie de 20 tomos<\/p>\n","protected":false},"featured_media":10566,"comment_status":"open","ping_status":"closed","template":"","meta":[],"location":[495],"product_cat":[520,599,662,496],"product_tag":[],"locations":[{"id":495,"name":"PMC","slug":"gymupstore-pmc","quantity":"2"}],"_links":{"self":[{"href":"https:\/\/gymupstore.cl\/index.php\/wp-json\/wp\/v2\/product\/10565"}],"collection":[{"href":"https:\/\/gymupstore.cl\/index.php\/wp-json\/wp\/v2\/product"}],"about":[{"href":"https:\/\/gymupstore.cl\/index.php\/wp-json\/wp\/v2\/types\/product"}],"replies":[{"embeddable":true,"href":"https:\/\/gymupstore.cl\/index.php\/wp-json\/wp\/v2\/comments?post=10565"}],"wp:featuredmedia":[{"embeddable":true,"href":"https:\/\/gymupstore.cl\/index.php\/wp-json\/wp\/v2\/media\/10566"}],"wp:attachment":[{"href":"https:\/\/gymupstore.cl\/index.php\/wp-json\/wp\/v2\/media?parent=10565"}],"wp:term":[{"taxonomy":"location","embeddable":true,"href":"https:\/\/gymupstore.cl\/index.php\/wp-json\/wp\/v2\/location?post=10565"},{"taxonomy":"product_cat","embeddable":true,"href":"https:\/\/gymupstore.cl\/index.php\/wp-json\/wp\/v2\/product_cat?post=10565"},{"taxonomy":"product_tag","embeddable":true,"href":"https:\/\/gymupstore.cl\/index.php\/wp-json\/wp\/v2\/product_tag?post=10565"}],"curies":[{"name":"wp","href":"https:\/\/api.w.org\/{rel}","templated":true}]}}