{"id":10552,"date":"2023-11-10T20:44:56","date_gmt":"2023-11-10T23:44:56","guid":{"rendered":"https:\/\/gymupstore.cl\/?post_type=product&#038;p=10552"},"modified":"2026-04-03T12:44:40","modified_gmt":"2026-04-03T15:44:40","slug":"fullmetal-alchemist-1-ivrea-argentina","status":"publish","type":"product","link":"https:\/\/gymupstore.cl\/index.php\/producto\/fullmetal-alchemist-1-ivrea-argentina\/","title":{"rendered":"Fullmetal Alchemist 1 | Ivrea Argentina"},"content":{"rendered":"<p>Los hermanos\u00a0<strong>Edward<\/strong>\u00a0y\u00a0<strong>Alphonse Elric<\/strong>\u00a0viven en un mundo donde la magia y la alquimia existen y se pueden practicar. Despu\u00e9s de la muerte de su madre, juntos tratar\u00e1n de resucitarla a trav\u00e9s de la alquimia. Pero algo sale mal y\u00a0<strong>Edward<\/strong>\u00a0pierde un brazo y una pierna, y el esp\u00edritu de\u00a0<strong>Alphonse<\/strong>\u00a0acaba relegado en una vieja armadura.<\/p>\n<p>Para poder recuperar sus cuerpos deciden apuntarse al ej\u00e9rcito de Amestris, en la divisi\u00f3n de alquimistas, para as\u00ed poder seguir investigando sobre \u201cla piedra filosofal\u201d que puede devolverlos a la normalidad. Lo que no esperaban descubrir es que detr\u00e1s de la piedra filosofal hay toda una conspiraci\u00f3n escondida para destruir el mundo entero tal y como lo conocemos&#8230;<\/p>\n<p>&#8211; La serie ha arrasado en medio mundo con todo tipo de merchandising: cartas, anime, videojuegos, artbooks&#8230;<\/p>\n<p>&#8211; En 2009 fue el cuarto manga m\u00e1s vendido en Jap\u00f3n.<\/p>\n<p>&#8211; La serie de anime ha recibido varios premios, entre los que destacamos el American Anime Awards en cinco categor\u00edas distintas en el 2007, o el Anime Grand Prix a Mejor Anime en el 2003.<\/p>\n<p><strong>Premios<\/strong><\/p>\n<p>Premio Sh\u014dgakukan 2004 al mejor shonen.<\/p>\n","protected":false},"excerpt":{"rendered":"<p><strong>T\u00edtulo original:<\/strong>\u00a0Hagane no Renkinjutsushi (\u92fc\u306e\u932c\u91d1\u8853\u5e2b)<\/p>\n<p>SH\u00d2NEN<\/p>\n","protected":false},"featured_media":10554,"comment_status":"open","ping_status":"closed","template":"","meta":[],"location":[495],"product_cat":[660,520,599,496],"product_tag":[],"locations":[{"id":495,"name":"PMC","slug":"gymupstore-pmc","quantity":"1"}],"_links":{"self":[{"href":"https:\/\/gymupstore.cl\/index.php\/wp-json\/wp\/v2\/product\/10552"}],"collection":[{"href":"https:\/\/gymupstore.cl\/index.php\/wp-json\/wp\/v2\/product"}],"about":[{"href":"https:\/\/gymupstore.cl\/index.php\/wp-json\/wp\/v2\/types\/product"}],"replies":[{"embeddable":true,"href":"https:\/\/gymupstore.cl\/index.php\/wp-json\/wp\/v2\/comments?post=10552"}],"wp:featuredmedia":[{"embeddable":true,"href":"https:\/\/gymupstore.cl\/index.php\/wp-json\/wp\/v2\/media\/10554"}],"wp:attachment":[{"href":"https:\/\/gymupstore.cl\/index.php\/wp-json\/wp\/v2\/media?parent=10552"}],"wp:term":[{"taxonomy":"location","embeddable":true,"href":"https:\/\/gymupstore.cl\/index.php\/wp-json\/wp\/v2\/location?post=10552"},{"taxonomy":"product_cat","embeddable":true,"href":"https:\/\/gymupstore.cl\/index.php\/wp-json\/wp\/v2\/product_cat?post=10552"},{"taxonomy":"product_tag","embeddable":true,"href":"https:\/\/gymupstore.cl\/index.php\/wp-json\/wp\/v2\/product_tag?post=10552"}],"curies":[{"name":"wp","href":"https:\/\/api.w.org\/{rel}","templated":true}]}}