{"id":10548,"date":"2023-11-10T20:04:00","date_gmt":"2023-11-10T23:04:00","guid":{"rendered":"https:\/\/gymupstore.cl\/?post_type=product&#038;p=10548"},"modified":"2023-11-10T20:04:27","modified_gmt":"2023-11-10T23:04:27","slug":"los-dioses-mienten-ivrea-argentina","status":"publish","type":"product","link":"https:\/\/gymupstore.cl\/index.php\/producto\/los-dioses-mienten-ivrea-argentina\/","title":{"rendered":"Los Dioses Mienten | Ivrea Argentina"},"content":{"rendered":"<p>Corr\u00eda el verano en que Natsuru ten\u00eda once a\u00f1os. Desde que rechaz\u00f3 a una compa\u00f1era de clase el d\u00eda de San Valent\u00edn, las chicas de su colegio no han vuelto a dirigirle la palabra, y decidieron desde entonces, ignorarle por completo. Pero justo antes de las vacaciones, todo cambia. Suzumura, la chica m\u00e1s alta de su clase, de repente, le habla. Ambos comenzar\u00e1n un tierna relaci\u00f3n de amistad, pero Natsuru pronto descubrir\u00e1 que Suzumura esconde un terrible secreto.<\/p>\n","protected":false},"excerpt":{"rendered":"<p><strong>T\u00edtulo original:<\/strong>\u00a0Kami-sama ga Uso o Tsuku. (\u795e\u69d8\u304c\u3046\u305d\u3092\u3064\u304f\u3002)<\/p>\n<p>SEINEN<br \/>\nTomo unitario<\/p>\n","protected":false},"featured_media":10549,"comment_status":"open","ping_status":"closed","template":"","meta":[],"location":[495],"product_cat":[520,657,652,496],"product_tag":[],"locations":[{"id":495,"name":"PMC","slug":"gymupstore-pmc","quantity":"2"}],"_links":{"self":[{"href":"https:\/\/gymupstore.cl\/index.php\/wp-json\/wp\/v2\/product\/10548"}],"collection":[{"href":"https:\/\/gymupstore.cl\/index.php\/wp-json\/wp\/v2\/product"}],"about":[{"href":"https:\/\/gymupstore.cl\/index.php\/wp-json\/wp\/v2\/types\/product"}],"replies":[{"embeddable":true,"href":"https:\/\/gymupstore.cl\/index.php\/wp-json\/wp\/v2\/comments?post=10548"}],"wp:featuredmedia":[{"embeddable":true,"href":"https:\/\/gymupstore.cl\/index.php\/wp-json\/wp\/v2\/media\/10549"}],"wp:attachment":[{"href":"https:\/\/gymupstore.cl\/index.php\/wp-json\/wp\/v2\/media?parent=10548"}],"wp:term":[{"taxonomy":"location","embeddable":true,"href":"https:\/\/gymupstore.cl\/index.php\/wp-json\/wp\/v2\/location?post=10548"},{"taxonomy":"product_cat","embeddable":true,"href":"https:\/\/gymupstore.cl\/index.php\/wp-json\/wp\/v2\/product_cat?post=10548"},{"taxonomy":"product_tag","embeddable":true,"href":"https:\/\/gymupstore.cl\/index.php\/wp-json\/wp\/v2\/product_tag?post=10548"}],"curies":[{"name":"wp","href":"https:\/\/api.w.org\/{rel}","templated":true}]}}