{"id":10544,"date":"2023-11-10T19:49:24","date_gmt":"2023-11-10T22:49:24","guid":{"rendered":"https:\/\/gymupstore.cl\/?post_type=product&#038;p=10544"},"modified":"2023-11-10T19:50:14","modified_gmt":"2023-11-10T22:50:14","slug":"ranking-of-kings-2-ivrea-argentina","status":"publish","type":"product","link":"https:\/\/gymupstore.cl\/index.php\/producto\/ranking-of-kings-2-ivrea-argentina\/","title":{"rendered":"Ranking of Kings 2 | Ivrea Argentina"},"content":{"rendered":"<p>Bojji es un pr\u00edncipe sordomudo que vive en un mundo fant\u00e1stico repleto de criaturas m\u00e1gicas. Pese a no destacar en nada, y siendo incapaz ni siquiera de empu\u00f1ar una espadita de ni\u00f1o, sue\u00f1a con alg\u00fan d\u00eda convertirse en el rey m\u00e1s grande del mundo. La gente lo considera un completo in\u00fatil y sin ning\u00fan talento para ser rey. Aunque la situaci\u00f3n cambia cuando conoce a Kage, una sombra (literalmente) que es uno de los pocos supervivientes de un clan de asesinos y que intenta robarle las pocas pertenencias que Bojji llevaba encima. De alguna manera, Kage logra comprender al pr\u00edncipe y se convierte en su primer amigo verdadero, dando as\u00ed inicio a la aventura que Bojji tanto anhela. Mientras tanto, en la oscuridad, un poder amenaza con devastar al reino.<\/p>\n","protected":false},"excerpt":{"rendered":"<p><strong>T\u00edtulo original:<\/strong>\u00a0Ousama Ranking (\u304a\u3046\u3055\u307e\u30e9\u30f3\u30ad\u30f3\u30b0)<\/p>\n<p>SHONEN<\/p>\n","protected":false},"featured_media":10547,"comment_status":"open","ping_status":"closed","template":"","meta":[],"location":[495],"product_cat":[520,659,599,496],"product_tag":[],"locations":[{"id":495,"name":"PMC","slug":"gymupstore-pmc","quantity":"2"}],"_links":{"self":[{"href":"https:\/\/gymupstore.cl\/index.php\/wp-json\/wp\/v2\/product\/10544"}],"collection":[{"href":"https:\/\/gymupstore.cl\/index.php\/wp-json\/wp\/v2\/product"}],"about":[{"href":"https:\/\/gymupstore.cl\/index.php\/wp-json\/wp\/v2\/types\/product"}],"replies":[{"embeddable":true,"href":"https:\/\/gymupstore.cl\/index.php\/wp-json\/wp\/v2\/comments?post=10544"}],"wp:featuredmedia":[{"embeddable":true,"href":"https:\/\/gymupstore.cl\/index.php\/wp-json\/wp\/v2\/media\/10547"}],"wp:attachment":[{"href":"https:\/\/gymupstore.cl\/index.php\/wp-json\/wp\/v2\/media?parent=10544"}],"wp:term":[{"taxonomy":"location","embeddable":true,"href":"https:\/\/gymupstore.cl\/index.php\/wp-json\/wp\/v2\/location?post=10544"},{"taxonomy":"product_cat","embeddable":true,"href":"https:\/\/gymupstore.cl\/index.php\/wp-json\/wp\/v2\/product_cat?post=10544"},{"taxonomy":"product_tag","embeddable":true,"href":"https:\/\/gymupstore.cl\/index.php\/wp-json\/wp\/v2\/product_tag?post=10544"}],"curies":[{"name":"wp","href":"https:\/\/api.w.org\/{rel}","templated":true}]}}