{"id":10542,"date":"2023-11-10T19:40:48","date_gmt":"2023-11-10T22:40:48","guid":{"rendered":"https:\/\/gymupstore.cl\/?post_type=product&#038;p=10542"},"modified":"2023-11-10T19:41:10","modified_gmt":"2023-11-10T22:41:10","slug":"tokyo-ghoul-1-ivrea-argentina","status":"publish","type":"product","link":"https:\/\/gymupstore.cl\/index.php\/producto\/tokyo-ghoul-1-ivrea-argentina\/","title":{"rendered":"Tokyo Ghoul 1 | Ivrea Argentina"},"content":{"rendered":"<p class=\"Estilo241\">La mayor\u00eda de los habitantes de Tokyo ignoran una aterradora realidad: en las sombras de su ciudad acechan horribles seres que se camuflan entre la gente para darles caza y devorarlos, los ghouls\u2026<\/p>\n<p class=\"Estilo241\">Ken Kaneki es un estudiante t\u00edmido y recluido que queda obnubilado cuando la hermosa Rize lo invita a salir. Lo que no sabe es que Rize guarda un peligroso secreto: Es una ghoul y s\u00f3lo le interesa com\u00e9rselo. Tras un rescate fallido, Ken se convierte en el primer h\u00edbrido ghoul-humano, y se ve forzado a sumergirse en el violento y oscuro mundo de los Ghouls si quiere sobrevivir a su nueva e ins\u00f3lita condici\u00f3n.<\/p>\n","protected":false},"excerpt":{"rendered":"<p><strong>T\u00edtulo original:<\/strong>\u00a0Tokyo Kushu (\u6771\u4eac\u55b0\u7a2e) \/ Tokyo Ghoul (\u30c8\u30fc\u30ad\u30e7\u30fc\u30b0\u30fc\u30eb)<\/p>\n<p>SHONEN<br \/>\nSerie de 14 tomos<\/p>\n","protected":false},"featured_media":10543,"comment_status":"open","ping_status":"closed","template":"","meta":[],"location":[495],"product_cat":[520,599,658,496],"product_tag":[],"locations":[{"id":495,"name":"PMC","slug":"gymupstore-pmc","quantity":"2"}],"_links":{"self":[{"href":"https:\/\/gymupstore.cl\/index.php\/wp-json\/wp\/v2\/product\/10542"}],"collection":[{"href":"https:\/\/gymupstore.cl\/index.php\/wp-json\/wp\/v2\/product"}],"about":[{"href":"https:\/\/gymupstore.cl\/index.php\/wp-json\/wp\/v2\/types\/product"}],"replies":[{"embeddable":true,"href":"https:\/\/gymupstore.cl\/index.php\/wp-json\/wp\/v2\/comments?post=10542"}],"wp:featuredmedia":[{"embeddable":true,"href":"https:\/\/gymupstore.cl\/index.php\/wp-json\/wp\/v2\/media\/10543"}],"wp:attachment":[{"href":"https:\/\/gymupstore.cl\/index.php\/wp-json\/wp\/v2\/media?parent=10542"}],"wp:term":[{"taxonomy":"location","embeddable":true,"href":"https:\/\/gymupstore.cl\/index.php\/wp-json\/wp\/v2\/location?post=10542"},{"taxonomy":"product_cat","embeddable":true,"href":"https:\/\/gymupstore.cl\/index.php\/wp-json\/wp\/v2\/product_cat?post=10542"},{"taxonomy":"product_tag","embeddable":true,"href":"https:\/\/gymupstore.cl\/index.php\/wp-json\/wp\/v2\/product_tag?post=10542"}],"curies":[{"name":"wp","href":"https:\/\/api.w.org\/{rel}","templated":true}]}}