{"id":10538,"date":"2023-11-10T19:23:33","date_gmt":"2023-11-10T22:23:33","guid":{"rendered":"https:\/\/gymupstore.cl\/?post_type=product&#038;p=10538"},"modified":"2023-11-10T19:29:08","modified_gmt":"2023-11-10T22:29:08","slug":"kengan-ashura-1-ivrea-argentina","status":"publish","type":"product","link":"https:\/\/gymupstore.cl\/index.php\/producto\/kengan-ashura-1-ivrea-argentina\/","title":{"rendered":"Kengan Ashura 1 | Ivrea Argentina"},"content":{"rendered":"<p>Kazuo Yamashita es un gris salaryman con una vida dura que un d\u00eda presencia un combate callejero en el que un misterioso joven hace pelota a un tipo grande como un armario.<\/p>\n<p>Su vida cambiar\u00e1 para siempre cuando el presidente de su empresa, el Grupo Nogi, le explique que desde el per\u00edodo Edo, muchos contratos entre comerciantes y empresas en Jap\u00f3n se deciden por medio de peleas callejeras ilegales y le pida ser el representante del joven que vio en el callej\u00f3n, Ohma Tokita, un experto y duro luchador que no se anda con chiquitas.<\/p>\n<p>Aunque a Kazuo le encantan los deportes de contacto, no est\u00e1 preparado para todo lo que le va a presenciar gracias a Ohma y los diferentes contrincantes que participan en los combates Kengan, expertos en diferentes artes marciales y estilos de lucha. \u00a1La violencia y la sangre decidir\u00e1n el futuro del Grupo Nogi y de las luchas Kengan!<\/p>\n<p>Publicada en la web Ura Sunday de la editorial Shogakukan entre 2012 y 2018, Kengan Ashura sorprende por la brutalidad y la intensidad de sus combates, as\u00ed como el majestuoso dibujo de Daromeon. Cuenta con un muy exitoso anime que se puede ver en Netflix, as\u00ed como tambi\u00e9n una secuela, Kengan Omega, cuya publicaci\u00f3n comenz\u00f3 en Jap\u00f3n en 2019.<\/p>\n","protected":false},"excerpt":{"rendered":"<p><strong>T\u00edtulo original:<\/strong>\u00a0Kengan Ashura (\u30b1\u30f3\u30ab\u3099\u30f3\u30a2\u30b7\u30e5\u30e9)<\/p>\n<p>SHONEN<br \/>\nSerie de 27 tomos<\/p>\n","protected":false},"featured_media":10539,"comment_status":"open","ping_status":"closed","template":"","meta":[],"location":[495],"product_cat":[655,520,599,496],"product_tag":[],"locations":[{"id":495,"name":"PMC","slug":"gymupstore-pmc","quantity":"2"}],"_links":{"self":[{"href":"https:\/\/gymupstore.cl\/index.php\/wp-json\/wp\/v2\/product\/10538"}],"collection":[{"href":"https:\/\/gymupstore.cl\/index.php\/wp-json\/wp\/v2\/product"}],"about":[{"href":"https:\/\/gymupstore.cl\/index.php\/wp-json\/wp\/v2\/types\/product"}],"replies":[{"embeddable":true,"href":"https:\/\/gymupstore.cl\/index.php\/wp-json\/wp\/v2\/comments?post=10538"}],"wp:featuredmedia":[{"embeddable":true,"href":"https:\/\/gymupstore.cl\/index.php\/wp-json\/wp\/v2\/media\/10539"}],"wp:attachment":[{"href":"https:\/\/gymupstore.cl\/index.php\/wp-json\/wp\/v2\/media?parent=10538"}],"wp:term":[{"taxonomy":"location","embeddable":true,"href":"https:\/\/gymupstore.cl\/index.php\/wp-json\/wp\/v2\/location?post=10538"},{"taxonomy":"product_cat","embeddable":true,"href":"https:\/\/gymupstore.cl\/index.php\/wp-json\/wp\/v2\/product_cat?post=10538"},{"taxonomy":"product_tag","embeddable":true,"href":"https:\/\/gymupstore.cl\/index.php\/wp-json\/wp\/v2\/product_tag?post=10538"}],"curies":[{"name":"wp","href":"https:\/\/api.w.org\/{rel}","templated":true}]}}