{"id":10523,"date":"2023-11-10T18:24:39","date_gmt":"2023-11-10T21:24:39","guid":{"rendered":"https:\/\/gymupstore.cl\/?post_type=product&#038;p=10523"},"modified":"2025-01-14T16:30:23","modified_gmt":"2025-01-14T19:30:23","slug":"inuyasha-3-ivrea-argentina","status":"publish","type":"product","link":"https:\/\/gymupstore.cl\/index.php\/producto\/inuyasha-3-ivrea-argentina\/","title":{"rendered":"Inuyasha 3 | Ivrea Argentina"},"content":{"rendered":"<p>La historia nos traslada al per\u00edodo Sengoku, d\u00f3nde un medio-demonio llamado Inuyasha se encuentra azotando una peque\u00f1a aldea en busca de una perla conocida como la Shikon no tama (perla de las cuatro almas) que lo convertir\u00eda en un demonio completo. La guardiana de dicha aldea, Kikyo, con sus \u00faltimas fuerzas le dispara con una flecha sagrada sell\u00e1ndolo en un \u00e1rbol sagrado que lo deja dormido e inconciente por a\u00f1os y a\u00f1os. Antes de morir, Kikyo le pide a su hermana Kaede que queme su cuerpo junto con la gema Shikon para que esta no caiga en las manos incorrectas.<\/p>\n<p>500 a\u00f1os despu\u00e9s, ya en el Jap\u00f3n actual, la historia presenta a Kagome Higurashi, una joven de 15 que vive en un templo Shinto que regenta su abuelo. Kagome es arrastrada inesperadamente por un monstruo hacia el pozo del cual apareci\u00f3. Pero al caer Kagome aparece en frente del \u00e1rbol d\u00f3nde se encuentra sellado Inuyasha, haciendo que este despierte de su letargo al confundir el olor de Kagome con el de Kikyo.<\/p>\n<p>En un incidente con un cuervo que devora la gema Shikon, Kagome le dispara y sin querer destruye la perla en miles de pedazos que salen disparados a diferentes lugares del globo. Ahora, Kagome e Inuyasha tendr\u00e1n la misi\u00f3n de recuperar los fragmentos esparcidos antes de que lo hagan miles de demonios que desean el poder la gema Shikon.<\/p>\n","protected":false},"excerpt":{"rendered":"<p><strong>T\u00edtulo original:<\/strong>\u00a0Sengoku o togi zoushi Inu-Yasha (\u6226\u56fd\u5fa1\u4f3d\u8349\u5b50 \u72ac\u591c\u53c9)<\/p>\n<p>SHONEN<br \/>\nSerie formato deluxe de 30 tomos<\/p>\n<p>Autores: Rumiko Takahashi<br \/>\nEditorial: Ivrea Argentina<\/p>\n","protected":false},"featured_media":10527,"comment_status":"open","ping_status":"closed","template":"","meta":[],"location":[495],"product_cat":[653,520,599,496],"product_tag":[],"locations":[{"id":495,"name":"PMC","slug":"gymupstore-pmc","quantity":"2"}],"_links":{"self":[{"href":"https:\/\/gymupstore.cl\/index.php\/wp-json\/wp\/v2\/product\/10523"}],"collection":[{"href":"https:\/\/gymupstore.cl\/index.php\/wp-json\/wp\/v2\/product"}],"about":[{"href":"https:\/\/gymupstore.cl\/index.php\/wp-json\/wp\/v2\/types\/product"}],"replies":[{"embeddable":true,"href":"https:\/\/gymupstore.cl\/index.php\/wp-json\/wp\/v2\/comments?post=10523"}],"wp:featuredmedia":[{"embeddable":true,"href":"https:\/\/gymupstore.cl\/index.php\/wp-json\/wp\/v2\/media\/10527"}],"wp:attachment":[{"href":"https:\/\/gymupstore.cl\/index.php\/wp-json\/wp\/v2\/media?parent=10523"}],"wp:term":[{"taxonomy":"location","embeddable":true,"href":"https:\/\/gymupstore.cl\/index.php\/wp-json\/wp\/v2\/location?post=10523"},{"taxonomy":"product_cat","embeddable":true,"href":"https:\/\/gymupstore.cl\/index.php\/wp-json\/wp\/v2\/product_cat?post=10523"},{"taxonomy":"product_tag","embeddable":true,"href":"https:\/\/gymupstore.cl\/index.php\/wp-json\/wp\/v2\/product_tag?post=10523"}],"curies":[{"name":"wp","href":"https:\/\/api.w.org\/{rel}","templated":true}]}}