{"id":10519,"date":"2023-11-10T17:10:25","date_gmt":"2023-11-10T20:10:25","guid":{"rendered":"https:\/\/gymupstore.cl\/?post_type=product&#038;p=10519"},"modified":"2023-11-10T17:34:16","modified_gmt":"2023-11-10T20:34:16","slug":"mi-vecino-metalero-ivrea-argentina","status":"publish","type":"product","link":"https:\/\/gymupstore.cl\/index.php\/producto\/mi-vecino-metalero-ivrea-argentina\/","title":{"rendered":"Mi Vecino Metalero | Ivrea Argentina"},"content":{"rendered":"<p>\u00a1Vamos a comprobar que los metaleros tienen su coranzoncito con Mi Vecino Metalero! Un BL sobre un encuentro fortuito que cambia la vida de los dos protagonistas.<\/p>\n<p>Kento se muda a un nuevo lugar para vivir, pero que todav\u00eda no est\u00e1 acondicionado y no tiene calefacci\u00f3n. Muerto de fr\u00edo, es salvado por su vecino Soushi, un amante del metal, siempre vestido de negro, con el pelo largo y cara de malas pulgas. Aunque parece algo distante, parece que Soushi esconde algo m\u00e1s de lo que su aspecto dice.<\/p>\n<p>A partir de ese d\u00eda, los dos se hacen amigos y empiezan a comer juntos d\u00eda tras d\u00eda durante un a\u00f1o. Kento no le dice nunca que es gay porque tiene miedo de estropear la relaci\u00f3n entre ellos, pero, \u00bfser\u00e1 capaz de esconder sus sentimientos?<\/p>\n<p>La obra de Mamita nos trae una historia sencilla y tierna, donde priman los sentimientos y la lucha contra la ansiedad social, con un dibujo que ya desde la portada consigue llamar poderosamente la atenci\u00f3n.<\/p>\n","protected":false},"excerpt":{"rendered":"<p><strong>T\u00edtulo original:<\/strong>\u00a0Tonari no Metaller-san (\u3068\u306a\u308a\u306e\u30e1\u30bf\u30e9\u30fc\u3055\u3093)<\/p>\n<p>Boys Love (BL)<br \/>\nTomo unitario<\/p>\n","protected":false},"featured_media":10520,"comment_status":"open","ping_status":"closed","template":"","meta":[],"location":[495],"product_cat":[651,520,652,496],"product_tag":[],"locations":[{"id":495,"name":"PMC","slug":"gymupstore-pmc","quantity":"2"}],"_links":{"self":[{"href":"https:\/\/gymupstore.cl\/index.php\/wp-json\/wp\/v2\/product\/10519"}],"collection":[{"href":"https:\/\/gymupstore.cl\/index.php\/wp-json\/wp\/v2\/product"}],"about":[{"href":"https:\/\/gymupstore.cl\/index.php\/wp-json\/wp\/v2\/types\/product"}],"replies":[{"embeddable":true,"href":"https:\/\/gymupstore.cl\/index.php\/wp-json\/wp\/v2\/comments?post=10519"}],"wp:featuredmedia":[{"embeddable":true,"href":"https:\/\/gymupstore.cl\/index.php\/wp-json\/wp\/v2\/media\/10520"}],"wp:attachment":[{"href":"https:\/\/gymupstore.cl\/index.php\/wp-json\/wp\/v2\/media?parent=10519"}],"wp:term":[{"taxonomy":"location","embeddable":true,"href":"https:\/\/gymupstore.cl\/index.php\/wp-json\/wp\/v2\/location?post=10519"},{"taxonomy":"product_cat","embeddable":true,"href":"https:\/\/gymupstore.cl\/index.php\/wp-json\/wp\/v2\/product_cat?post=10519"},{"taxonomy":"product_tag","embeddable":true,"href":"https:\/\/gymupstore.cl\/index.php\/wp-json\/wp\/v2\/product_tag?post=10519"}],"curies":[{"name":"wp","href":"https:\/\/api.w.org\/{rel}","templated":true}]}}