{"id":10451,"date":"2023-10-23T14:58:17","date_gmt":"2023-10-23T17:58:17","guid":{"rendered":"https:\/\/gymupstore.cl\/?post_type=product&#038;p=10451"},"modified":"2025-01-14T16:30:01","modified_gmt":"2025-01-14T19:30:01","slug":"super-mario-bros-wonder-nsw","status":"publish","type":"product","link":"https:\/\/gymupstore.cl\/index.php\/producto\/super-mario-bros-wonder-nsw\/","title":{"rendered":"Super Mario Bros Wonder | NSW"},"content":{"rendered":"<div class=\"video-shortcode\"><iframe title=\"Super Mario Bros. Wonder \u2013 Launch Trailer \u2013 Nintendo Switch\" width=\"1325\" height=\"745\" src=\"https:\/\/www.youtube.com\/embed\/XvQNlGKNC6o?feature=oembed\" frameborder=\"0\" allow=\"accelerometer; autoplay; clipboard-write; encrypted-media; gyroscope; picture-in-picture; web-share\" allowfullscreen><\/iframe><\/div>\n<p><strong>Encuentra maravillas en la siguiente evoluci\u00f3n de las aventuras de Mario<\/strong><\/p>\n<p>El estilo de juego cl\u00e1sico de desplazamiento lateral de los juegos de Mario ser\u00e1 toda una locura con la adici\u00f3n de la Flor Maravilla. Estos revolucionarios objetos activar\u00e1n espectaculares momentos que tendr\u00e1s que ver para creer. Mira c\u00f3mo las tuber\u00edas cobran vida, crea caos como una enorme bola con picos y s\u00e9 testigo de m\u00e1s eventos inesperados y maravillosos.<\/p>\n<p><em>Elige entre heroicos personajes de Super Mario\u2122 y mejoras<\/em><\/p>\n<p>Elige entre personajes conocidos como Mario, Luigi, Peach, Daisy, Yoshi y Toad. \u00a1Utiliza una nueva transformaci\u00f3n y convi\u00e9rtete en Mario Elefante para usar tu trompa y derrotar enemigos de manera inesperada!<\/p>\n<p>Comparte las maravillas con tus amigos y con seguidores de Mario<\/p>\n<p>Forma equipo con hasta tres amigos en el modo local* y re\u00fananse alrededor de una consola Nintendo Switch\u2122 para experimentar juntos efectos maravillosos mientras completan niveles y se ayudan entre s\u00ed en su camino hacia la meta.<\/p>\n","protected":false},"excerpt":{"rendered":"<p>Encuentra maravillas en la siguiente evoluci\u00f3n de las aventuras de [&hellip;]<\/p>\n","protected":false},"featured_media":10452,"comment_status":"open","ping_status":"closed","template":"","meta":[],"location":[495],"product_cat":[620,523,517,596,496],"product_tag":[],"locations":[{"id":495,"name":"PMC","slug":"gymupstore-pmc","quantity":"0"}],"_links":{"self":[{"href":"https:\/\/gymupstore.cl\/index.php\/wp-json\/wp\/v2\/product\/10451"}],"collection":[{"href":"https:\/\/gymupstore.cl\/index.php\/wp-json\/wp\/v2\/product"}],"about":[{"href":"https:\/\/gymupstore.cl\/index.php\/wp-json\/wp\/v2\/types\/product"}],"replies":[{"embeddable":true,"href":"https:\/\/gymupstore.cl\/index.php\/wp-json\/wp\/v2\/comments?post=10451"}],"wp:featuredmedia":[{"embeddable":true,"href":"https:\/\/gymupstore.cl\/index.php\/wp-json\/wp\/v2\/media\/10452"}],"wp:attachment":[{"href":"https:\/\/gymupstore.cl\/index.php\/wp-json\/wp\/v2\/media?parent=10451"}],"wp:term":[{"taxonomy":"location","embeddable":true,"href":"https:\/\/gymupstore.cl\/index.php\/wp-json\/wp\/v2\/location?post=10451"},{"taxonomy":"product_cat","embeddable":true,"href":"https:\/\/gymupstore.cl\/index.php\/wp-json\/wp\/v2\/product_cat?post=10451"},{"taxonomy":"product_tag","embeddable":true,"href":"https:\/\/gymupstore.cl\/index.php\/wp-json\/wp\/v2\/product_tag?post=10451"}],"curies":[{"name":"wp","href":"https:\/\/api.w.org\/{rel}","templated":true}]}}