{"id":10213,"date":"2023-08-23T18:46:11","date_gmt":"2023-08-23T18:46:11","guid":{"rendered":"https:\/\/gymupstore.cl\/?post_type=product&#038;p=10213"},"modified":"2025-09-18T05:33:31","modified_gmt":"2025-09-18T08:33:31","slug":"cafe-keto-ketogenic-coffee-powder-100-gr","status":"publish","type":"product","link":"https:\/\/gymupstore.cl\/index.php\/producto\/cafe-keto-ketogenic-coffee-powder-100-gr\/","title":{"rendered":"Caf\u00e9 Keto (Ketogenic Coffee Powder) | 100 gr"},"content":{"rendered":"<p>Keto Friendly: rico en MCT y \u00e1cidos grasos saludables, fortalece la producci\u00f3n de cetonas del cuerpo, promueve el metabolismo, la p\u00e9rdida de peso y la funci\u00f3n cerebral. Sin gluten, soja o ingredientes artificiales.<\/p>\n<p>F\u00f3rmula todo en uno: la mezcla de caf\u00e9 en polvo de alto rendimiento ayuda a maximizar sus objetivos de p\u00e9rdida de peso, promueve el metabolismo y aumenta la capacidad intelectual.<\/p>\n<p>El caf\u00e9 cetog\u00e9nico te ayuda principalmente a quemar calor\u00edas, proporcionar una sensaci\u00f3n de saciedad y ayudarte a perder peso.<\/p>\n<p>Ingredientes activos: caf\u00e9 r\u00e1pido, MCT de coco, Grass Fed Butter (Extra\u00edda de Vacas alimentadas con pasto o Vacas Felices), sal del Himalaya<\/p>\n<p>USO SUGERIDO:<\/p>\n<p>Como suplemento diet\u00e9tico, mezcle una (1) cucharada en 200-250 cc de agua caliente, de 1 a 3 veces por d\u00eda o seg\u00fan sea necesario.<\/p>\n<p>ADVERTENCIA:<\/p>\n<p>1. Mantener fuera del alcance de los ni\u00f1os.<\/p>\n<p>2. Este producto solo est\u00e1 dise\u00f1ado para su uso en adultos sanos de 18 a\u00f1os o m\u00e1s. No lo use si est\u00e1 embarazada, tratando de quedar embarazada, amamantando, tiene afecciones m\u00e9dicas conocidas (incluidas, entre otras, diabetes, enfermedades renales, card\u00edacas o hep\u00e1ticas) o est\u00e1 tomando medicamentos recetados o de venta libre.<\/p>\n<p>3. Consulte con un m\u00e9dico o su profesional de la salud antes de usar este producto.<\/p>\n<p>4. No exceda las tres (3) porciones por d\u00eda. No usar si el sello de seguridad est\u00e1 da\u00f1ado o falta. Guarde el producto en un lugar fresco durante el d\u00eda.<\/p>\n","protected":false},"excerpt":{"rendered":"<ul>\n<li>Incrementa la concentraci\u00f3n y ayuda a bajar de peso.<\/li>\n<li>Aumenta el metabolismo y es un gran antioxidante.<\/li>\n<li>Estimula el metabolismo y entrega energ\u00eda extra.<\/li>\n<\/ul>\n","protected":false},"featured_media":10214,"comment_status":"open","ping_status":"closed","template":"","meta":[],"location":[495],"product_cat":[634,281],"product_tag":[],"locations":[{"id":495,"name":"PMC","slug":"gymupstore-pmc","quantity":"1"}],"_links":{"self":[{"href":"https:\/\/gymupstore.cl\/index.php\/wp-json\/wp\/v2\/product\/10213"}],"collection":[{"href":"https:\/\/gymupstore.cl\/index.php\/wp-json\/wp\/v2\/product"}],"about":[{"href":"https:\/\/gymupstore.cl\/index.php\/wp-json\/wp\/v2\/types\/product"}],"replies":[{"embeddable":true,"href":"https:\/\/gymupstore.cl\/index.php\/wp-json\/wp\/v2\/comments?post=10213"}],"wp:featuredmedia":[{"embeddable":true,"href":"https:\/\/gymupstore.cl\/index.php\/wp-json\/wp\/v2\/media\/10214"}],"wp:attachment":[{"href":"https:\/\/gymupstore.cl\/index.php\/wp-json\/wp\/v2\/media?parent=10213"}],"wp:term":[{"taxonomy":"location","embeddable":true,"href":"https:\/\/gymupstore.cl\/index.php\/wp-json\/wp\/v2\/location?post=10213"},{"taxonomy":"product_cat","embeddable":true,"href":"https:\/\/gymupstore.cl\/index.php\/wp-json\/wp\/v2\/product_cat?post=10213"},{"taxonomy":"product_tag","embeddable":true,"href":"https:\/\/gymupstore.cl\/index.php\/wp-json\/wp\/v2\/product_tag?post=10213"}],"curies":[{"name":"wp","href":"https:\/\/api.w.org\/{rel}","templated":true}]}}