{"id":10175,"date":"2023-08-22T02:58:54","date_gmt":"2023-08-22T05:58:54","guid":{"rendered":"https:\/\/gymupstore.cl\/?post_type=product&#038;p=10175"},"modified":"2026-03-31T16:26:17","modified_gmt":"2026-03-31T19:26:17","slug":"multivitaminico-fruit-veg-multi-vitamin-60-gummies","status":"publish","type":"product","link":"https:\/\/gymupstore.cl\/index.php\/producto\/multivitaminico-fruit-veg-multi-vitamin-60-gummies\/","title":{"rendered":"Multivitam\u00ednico Fruit &amp; Veg Multi-Vitamin | 60 Gummies"},"content":{"rendered":"<p>A\u00f1adimos un 100% de fruta entera, incluyendo manzanas, pl\u00e1tanos, ar\u00e1ndanos, cerezas, ar\u00e1ndanos, pieles de uva, pomelo, Mangos, naranjas, fresas, frambuesas, bayas de Acai, Granada, ar\u00e1ndanos y m\u00e1s.<\/p>\n<p>A\u00f1adimos 100% de comida entera, incluyendo br\u00f3coli, repollo, zanahoria, cauliflor, Cayena, apio, ajo, Kale, Shitake Seta, espinaca, Yam salvaje, calabacines, Alfalfa, mel\u00f3n amargo, alcachofa,. Esp\u00e1rragos, perejil y m\u00e1s. Alimentos enteros org\u00e1nicos frescos de jard\u00edn.<\/p>\n<p>Ayudan a aumentar su energ\u00eda y resistencia, ayudan a la desintoxicaci\u00f3n, promueve las c\u00e9lulas sanas, impulsa el sistema inmunol\u00f3gico, apoya el peso saludable y mejora su sue\u00f1o.<\/p>\n<p>Free GMO, no tienen leche y no contienen soja. Sin antibi\u00f3ticos, conservantes, aglutinantes, levadura, almid\u00f3n y colesterol.<\/p>\n<p>Vida \u00fatil: 2 a\u00f1os<\/p>\n<p>Almacenamiento: almacenar en un lugar fresco y seco, sellar para el almacenamiento.<\/p>\n<p>Descargo de responsabilidad legal: los suplementos diet\u00e9ticos no son medicamentos y no est\u00e1n destinados a diagnosticar, tratar, curar o prevenir ninguna enfermedad o condici\u00f3n de salud. No exceda la dosis diaria recomendada. Este producto no debe utilizarse como sustituto de una dieta variada y debe almacenarse fuera del alcance de los ni\u00f1os peque\u00f1os.<\/p>\n","protected":false},"excerpt":{"rendered":"<p>A\u00f1adimos un 100% de fruta entera, incluyendo manzanas, pl\u00e1tanos, ar\u00e1ndanos, [&hellip;]<\/p>\n","protected":false},"featured_media":10182,"comment_status":"open","ping_status":"closed","template":"","meta":[],"location":[495],"product_cat":[622],"product_tag":[],"locations":[{"id":495,"name":"PMC","slug":"gymupstore-pmc","quantity":"3"}],"_links":{"self":[{"href":"https:\/\/gymupstore.cl\/index.php\/wp-json\/wp\/v2\/product\/10175"}],"collection":[{"href":"https:\/\/gymupstore.cl\/index.php\/wp-json\/wp\/v2\/product"}],"about":[{"href":"https:\/\/gymupstore.cl\/index.php\/wp-json\/wp\/v2\/types\/product"}],"replies":[{"embeddable":true,"href":"https:\/\/gymupstore.cl\/index.php\/wp-json\/wp\/v2\/comments?post=10175"}],"wp:featuredmedia":[{"embeddable":true,"href":"https:\/\/gymupstore.cl\/index.php\/wp-json\/wp\/v2\/media\/10182"}],"wp:attachment":[{"href":"https:\/\/gymupstore.cl\/index.php\/wp-json\/wp\/v2\/media?parent=10175"}],"wp:term":[{"taxonomy":"location","embeddable":true,"href":"https:\/\/gymupstore.cl\/index.php\/wp-json\/wp\/v2\/location?post=10175"},{"taxonomy":"product_cat","embeddable":true,"href":"https:\/\/gymupstore.cl\/index.php\/wp-json\/wp\/v2\/product_cat?post=10175"},{"taxonomy":"product_tag","embeddable":true,"href":"https:\/\/gymupstore.cl\/index.php\/wp-json\/wp\/v2\/product_tag?post=10175"}],"curies":[{"name":"wp","href":"https:\/\/api.w.org\/{rel}","templated":true}]}}