{"id":10143,"date":"2023-08-09T21:21:13","date_gmt":"2023-08-09T21:21:13","guid":{"rendered":"https:\/\/gymupstore.cl\/?post_type=product&#038;p=10143"},"modified":"2025-07-07T22:29:51","modified_gmt":"2025-07-08T01:29:51","slug":"milk-thistle-alxfresh-120-capsulas","status":"publish","type":"product","link":"https:\/\/gymupstore.cl\/index.php\/producto\/milk-thistle-alxfresh-120-capsulas\/","title":{"rendered":"Milk Thistle Alxfresh | 60 y 120 c\u00e1psulas"},"content":{"rendered":"<p>El cardo mariano se ha usado durante mas de 2,000 a\u00f1os, as\u00ed que mucho ha sido escrito sobre sus efectos en la salud. Ha habido mas de 300 estudios cient\u00edficos de silimarina que documentan:<\/p>\n<ul>\n<li>Sus efectos antioxidantes<\/li>\n<li>El tratamiento de la hepatitis cr\u00f3nica<\/li>\n<li>El tratamiento de la cirrosis del h\u00edgado causado por el alcoholismo<\/li>\n<li>El tratamiento del envenenamiento por comer hongos salvajes<\/li>\n<li>Le ayuda al h\u00edgado a repararse<\/li>\n<\/ul>\n<p>La mayor\u00eda de los estudios cient\u00edficos de silimarina se publicaron en Europa.<\/p>\n<p>Milk thistle es una planta que tambi\u00e9n se conoce como Artichaut Sauvage, Cardo Lechoso, Cardui Mariae, Carduus marianus, Chardon Argent\u00e9, Chardon de Marie, \u00c9pine Blanche, Holy Thistle, Lady&#8217;s Thistle, Lait de Notre-Dame, Legalon, Marian Thistle, Mariendistel, Mary Thistle, Shui Fei Ji, Silibinin, Silybe de Marie, Silybum, Silymarin, y otros nombres.<\/p>\n<p>Milk thistle se ha usado en la medicina alternativa como una ayuda\u00a0<strong>posiblemente eficaz<\/strong>\u00a0en el tratamiento de la acidez, o s\u00edntomas de las alergias temporales. Milk thistle puede haber sido combinado con otras plantas o extractos en una preparaci\u00f3n espec\u00edfica para el tratamiento de estas condiciones.<\/p>\n<p>Otros usos\u00a0<strong>no comprobados con la investigaci\u00f3n<\/strong> incluyen el tratamiento de la malaria, intoxicaci\u00f3n por hongos, problemas del bazo o la ves\u00edcula biliar, problemas menstruales, problemas hep\u00e1ticos (como hepatitis B o C), y otras condiciones.<\/p>\n<p>Descargo de responsabilidad legal: los suplementos diet\u00e9ticos no son medicamentos y no est\u00e1n destinados a diagnosticar, tratar, curar o prevenir ninguna enfermedad o condici\u00f3n de salud. No exceda la dosis diaria recomendada. Este producto no debe utilizarse como sustituto de una dieta variada y debe almacenarse fuera del alcance de los ni\u00f1os peque\u00f1os.<\/p>\n","protected":false},"excerpt":{"rendered":"<p>El cardo mariano se ha usado durante mas de 2,000 [&hellip;]<\/p>\n","protected":false},"featured_media":10144,"comment_status":"open","ping_status":"closed","template":"","meta":[],"location":[495],"product_cat":[633,776,32],"product_tag":[],"locations":[{"id":495,"name":"PMC","slug":"gymupstore-pmc","quantity":"0"}],"_links":{"self":[{"href":"https:\/\/gymupstore.cl\/index.php\/wp-json\/wp\/v2\/product\/10143"}],"collection":[{"href":"https:\/\/gymupstore.cl\/index.php\/wp-json\/wp\/v2\/product"}],"about":[{"href":"https:\/\/gymupstore.cl\/index.php\/wp-json\/wp\/v2\/types\/product"}],"replies":[{"embeddable":true,"href":"https:\/\/gymupstore.cl\/index.php\/wp-json\/wp\/v2\/comments?post=10143"}],"wp:featuredmedia":[{"embeddable":true,"href":"https:\/\/gymupstore.cl\/index.php\/wp-json\/wp\/v2\/media\/10144"}],"wp:attachment":[{"href":"https:\/\/gymupstore.cl\/index.php\/wp-json\/wp\/v2\/media?parent=10143"}],"wp:term":[{"taxonomy":"location","embeddable":true,"href":"https:\/\/gymupstore.cl\/index.php\/wp-json\/wp\/v2\/location?post=10143"},{"taxonomy":"product_cat","embeddable":true,"href":"https:\/\/gymupstore.cl\/index.php\/wp-json\/wp\/v2\/product_cat?post=10143"},{"taxonomy":"product_tag","embeddable":true,"href":"https:\/\/gymupstore.cl\/index.php\/wp-json\/wp\/v2\/product_tag?post=10143"}],"curies":[{"name":"wp","href":"https:\/\/api.w.org\/{rel}","templated":true}]}}