{"id":10141,"date":"2023-08-09T21:07:03","date_gmt":"2023-08-09T21:07:03","guid":{"rendered":"https:\/\/gymupstore.cl\/?post_type=product&#038;p=10141"},"modified":"2023-08-09T21:13:35","modified_gmt":"2023-08-09T21:13:35","slug":"fatal-frame-mask-of-the-lunar-eclipse-nsw","status":"publish","type":"product","link":"https:\/\/gymupstore.cl\/index.php\/producto\/fatal-frame-mask-of-the-lunar-eclipse-nsw\/","title":{"rendered":"Fatal Frame: Mask of the Lunar Eclipse | NSW"},"content":{"rendered":"<div class=\"video-shortcode\"><iframe title=\"FATAL FRAME:  Mask of the Lunar Eclipse - Announcement Trailer\" width=\"1325\" height=\"745\" src=\"https:\/\/www.youtube.com\/embed\/XwxRTmO_lrY?feature=oembed\" frameborder=\"0\" allow=\"accelerometer; autoplay; clipboard-write; encrypted-media; gyroscope; picture-in-picture; web-share\" allowfullscreen><\/iframe><\/div>\n<p>Un grupo de ni\u00f1as desapareci\u00f3 misteriosamente durante un festival en Rogetsu Isle. Aunque acabaron encontr\u00e1ndolas, todas ellas hab\u00edan perdido sus recuerdos. Ahora, vuelven a la isla como adolescentes. Las chicas dependen de la Camera Obscura, una c\u00e1mara con el poder de capturar y sellar horrores inimaginables, y de la d\u00e9bil luz de su linterna para explorar la zona y rechazan a los fantasmas que las atacan mientras tratan de descubrir la verdad sobre su terrible pasado.<\/p>\n<p><strong>Caracter\u00edsticas<\/strong><\/p>\n<p><strong>-Gr\u00e1ficos mejorados<\/strong><\/p>\n<p>Las escenas y los modelos del juego han mejorado para que tanto la historia como los personajes resulten m\u00e1s llamativos. Adem\u00e1s, se han mejorado los elementos visuales para todas las plataformas. El nuevo renderizado de las sombras y la luz de la linterna crea una atm\u00f3sfera de terror m\u00e1s realista para los jugadores.<\/p>\n<p><strong>-Nuevo Snap Mode<\/strong><\/p>\n<p>Haz posar a los personajes y a los fantasmas con libertad para crear recuerdos espeluznantes en el nuevo Snap Mode. Tal vez acabes fotografiando a un fantasma por accidente&#8230;<\/p>\n<p><strong>-Nuevos atuendos<\/strong><\/p>\n<p>La selecci\u00f3n de atuendos originales ha cambiado ligeramente y se han a\u00f1adido otros nuevos. Cambia el atuendo de los personajes para vivir la investigaci\u00f3n de otra forma.<\/p>\n","protected":false},"excerpt":{"rendered":"<p>Fecha de lanzamiento: 09 de marzo de 2023<br \/>\nJugadores: 1 jugador<br \/>\nG\u00e9nero: Aventura \/ Terror<br \/>\nEditor: KOEI TECMO AM\u00c9RICA<br \/>\nIdiomas admitidos: Chino, ingl\u00e9s, japon\u00e9s<\/p>\n<ul>\n<li>JUEGO ASIATICO<\/li>\n<li>COMPATIBLE CON TODAS LAS CONSOLAS NINTENDO SWITCH EN CHILE<\/li>\n<\/ul>\n","protected":false},"featured_media":10142,"comment_status":"open","ping_status":"closed","template":"","meta":[],"location":[495],"product_cat":[523,517,596,496],"product_tag":[],"locations":[{"id":495,"name":"PMC","slug":"gymupstore-pmc","quantity":"1"}],"_links":{"self":[{"href":"https:\/\/gymupstore.cl\/index.php\/wp-json\/wp\/v2\/product\/10141"}],"collection":[{"href":"https:\/\/gymupstore.cl\/index.php\/wp-json\/wp\/v2\/product"}],"about":[{"href":"https:\/\/gymupstore.cl\/index.php\/wp-json\/wp\/v2\/types\/product"}],"replies":[{"embeddable":true,"href":"https:\/\/gymupstore.cl\/index.php\/wp-json\/wp\/v2\/comments?post=10141"}],"wp:featuredmedia":[{"embeddable":true,"href":"https:\/\/gymupstore.cl\/index.php\/wp-json\/wp\/v2\/media\/10142"}],"wp:attachment":[{"href":"https:\/\/gymupstore.cl\/index.php\/wp-json\/wp\/v2\/media?parent=10141"}],"wp:term":[{"taxonomy":"location","embeddable":true,"href":"https:\/\/gymupstore.cl\/index.php\/wp-json\/wp\/v2\/location?post=10141"},{"taxonomy":"product_cat","embeddable":true,"href":"https:\/\/gymupstore.cl\/index.php\/wp-json\/wp\/v2\/product_cat?post=10141"},{"taxonomy":"product_tag","embeddable":true,"href":"https:\/\/gymupstore.cl\/index.php\/wp-json\/wp\/v2\/product_tag?post=10141"}],"curies":[{"name":"wp","href":"https:\/\/api.w.org\/{rel}","templated":true}]}}