{"id":10054,"date":"2023-07-27T04:13:29","date_gmt":"2023-07-27T07:13:29","guid":{"rendered":"https:\/\/gymupstore.cl\/?post_type=product&#038;p=10054"},"modified":"2024-12-19T18:13:07","modified_gmt":"2024-12-19T21:13:07","slug":"legacy-pre-workout-xtreme-mango-500-cc","status":"publish","type":"product","link":"https:\/\/gymupstore.cl\/index.php\/producto\/legacy-pre-workout-xtreme-mango-500-cc\/","title":{"rendered":"Legacy Pre Workout XTREME Mango 500 cc"},"content":{"rendered":"<p><strong>LEGACY XTREME<\/strong> de BYRON HERZ, es una bebida energ\u00e9tica y pre-entreno, sin az\u00facar y con un exquisito sabor, indicada para aquellas personas que realizan actividad f\u00edsica de alta intensidad o que quieran tener una vida activa.<\/p>\n<p><strong>LEGACY XTREME<\/strong> es un Alimento para Deportistas y Suplemento Alimentario con adici\u00f3n de amino\u00e1cidos (L-Taurina, L-Arginina), L-Carnitina y cafe\u00edna, componentes que participan en el aumento de metabolismo y la producci\u00f3n de energ\u00eda.<\/p>\n<p><strong>USO RECOMENDADO:<\/strong> consumir durante el desarrollo de actividad f\u00edsica o en cualquier instante. NO CONSUMIR M\u00c1S DE 1 BEBIDA AL D\u00cdA<\/p>\n<p><strong>INGREDIENTES:<\/strong> Agua filtrada, \u00e1cido citrico, maltodextrina, L-Taurina, tartrato de L-Carnitina, L-Arginina, cafe\u00edna, citrato de sodio, sorbato de potasio, sabor mango, sucralosa, goma xhantana, benzoato de sodio, colorante ROJO 40, vitamina C, vitamina B6, vitamina B12.<\/p>\n<p><strong>FE DE ERRATAS:<\/strong> En las etiquetas originales, hay un error en los colorantes (est\u00e1n cambiados). En Legacy Xtreme Mango aparece <strong>colorante AMARILLO CREP\u00daSCULO SIN 110<\/strong> (Correspondiente a Legacy Burner Guayaba).<\/p>\n<p>El color del producto despu\u00e9s de su fabricaci\u00f3n se torna en un rojo m\u00e1s fuerte que el presentado en la imagen por sus componentes en alta concentraci\u00f3n.<\/p>\n<p>Este error no afecta las propiedades organol\u00e9pticas del producto.<\/p>\n<p>NO RECOMENDABLE PARA MENORES DE 15 A\u00d1OS, EN EMBARAZO NI LACTANCIA.<\/p>\n<p>NO RECOMENDABLE PARA DIAB\u00c9TICOS.<\/p>\n","protected":false},"excerpt":{"rendered":"<p>LIMITED EDITION &#8211; 10.000 UNIDADES<\/p>\n<ul>\n<li>Sin Gas<\/li>\n<li>Sin Az\u00facar<\/li>\n<li>Libre de Sellos<\/li>\n<li>Muy Bajo en Sodio<\/li>\n<li>300 mg Cafe\u00edna<\/li>\n<li>1.000 mg Taurina<\/li>\n<li>500 mg L-Arginina<\/li>\n<li>1.000 mg Tartrato de L-Carnitina<\/li>\n<\/ul>\n","protected":false},"featured_media":10160,"comment_status":"open","ping_status":"closed","template":"","meta":[],"location":[495],"product_cat":[324,28,782],"product_tag":[],"locations":[{"id":495,"name":"PMC","slug":"gymupstore-pmc","quantity":""}],"_links":{"self":[{"href":"https:\/\/gymupstore.cl\/index.php\/wp-json\/wp\/v2\/product\/10054"}],"collection":[{"href":"https:\/\/gymupstore.cl\/index.php\/wp-json\/wp\/v2\/product"}],"about":[{"href":"https:\/\/gymupstore.cl\/index.php\/wp-json\/wp\/v2\/types\/product"}],"replies":[{"embeddable":true,"href":"https:\/\/gymupstore.cl\/index.php\/wp-json\/wp\/v2\/comments?post=10054"}],"wp:featuredmedia":[{"embeddable":true,"href":"https:\/\/gymupstore.cl\/index.php\/wp-json\/wp\/v2\/media\/10160"}],"wp:attachment":[{"href":"https:\/\/gymupstore.cl\/index.php\/wp-json\/wp\/v2\/media?parent=10054"}],"wp:term":[{"taxonomy":"location","embeddable":true,"href":"https:\/\/gymupstore.cl\/index.php\/wp-json\/wp\/v2\/location?post=10054"},{"taxonomy":"product_cat","embeddable":true,"href":"https:\/\/gymupstore.cl\/index.php\/wp-json\/wp\/v2\/product_cat?post=10054"},{"taxonomy":"product_tag","embeddable":true,"href":"https:\/\/gymupstore.cl\/index.php\/wp-json\/wp\/v2\/product_tag?post=10054"}],"curies":[{"name":"wp","href":"https:\/\/api.w.org\/{rel}","templated":true}]}}