{"id":10033,"date":"2023-07-26T06:13:43","date_gmt":"2023-07-26T06:13:43","guid":{"rendered":"https:\/\/gymupstore.cl\/?post_type=product&#038;p=10033"},"modified":"2023-07-26T19:22:36","modified_gmt":"2023-07-26T19:22:36","slug":"fatal-frame-maiden-of-black-water-nsw","status":"publish","type":"product","link":"https:\/\/gymupstore.cl\/index.php\/producto\/fatal-frame-maiden-of-black-water-nsw\/","title":{"rendered":"Fatal Frame: Maiden of Black Water | NSW"},"content":{"rendered":"<div class=\"video-shortcode\"><iframe title=\"Fatal Frame: Maiden of Black Water - Launch Trailer\" width=\"1325\" height=\"745\" src=\"https:\/\/www.youtube.com\/embed\/CaMmSfbF6bo?feature=oembed\" frameborder=\"0\" allow=\"accelerometer; autoplay; clipboard-write; encrypted-media; gyroscope; picture-in-picture; web-share\" allowfullscreen><\/iframe><\/div>\n<p>El Mt. Hikami se consideraba anta\u00f1o un lugar de gran fuerza espiritual.<br \/>\nEn \u00e9l se desarroll\u00f3 una religi\u00f3n \u00fanica con creencias y costumbres basadas en la adoraci\u00f3n del agua como deidad, y se dice que ha sido escenario de un gran n\u00famero de incidentes macabros y fen\u00f3menos inexplicables.<br \/>\nEsta historia entrelazada llena de misterios sigue a tres protagonistas (Yuri Kozukata, Miu Hinasaki y Ren Hojo) mientras exploran el siniestro Mt. Hikami, un lugar al que mucha gente acude para morir, y los secretos que encierra.<\/p>\n<p>Los jugadores cuentan con la Camera Obscura, una c\u00e1mara especial que puede rechazar a los esp\u00edritus vengativos y sellar su poder, mientras exploran el Mt. Hikami y los incidentes que han tenido lugar en \u00e9l.<br \/>\nLa historia se divide en misiones, cada una protagonizada por uno de los personajes principales.<br \/>\nAdem\u00e1s de sellar los esp\u00edritus malignos que te atacan, la Camera Obscura tambi\u00e9n puede revelar cosas que el ojo humano no puede ver y te ayudar\u00e1 a recuperar objetos perdidos.<\/p>\n","protected":false},"excerpt":{"rendered":"<p>Fecha de lanzamiento: 28 de octubre de 2021<br \/>\nJugadores: 1 jugador<br \/>\nG\u00e9nero: Aventura \/ Terror<br \/>\nEditor: KOEI TECMO AM\u00c9RICA<br \/>\nTama\u00f1o del archivo del juego: 14,1 GB<br \/>\nIdiomas admitidos: Chino, ingl\u00e9s, japon\u00e9s<\/p>\n<ul>\n<li>JUEGO ASIATICO<\/li>\n<li>COMPATIBLE CON TODAS LAS CONSOLAS NINTENDO SWITCH EN CHILE<\/li>\n<\/ul>\n","protected":false},"featured_media":10042,"comment_status":"open","ping_status":"closed","template":"","meta":[],"location":[495],"product_cat":[523,517,596,496],"product_tag":[],"locations":[{"id":495,"name":"PMC","slug":"gymupstore-pmc","quantity":"1"}],"_links":{"self":[{"href":"https:\/\/gymupstore.cl\/index.php\/wp-json\/wp\/v2\/product\/10033"}],"collection":[{"href":"https:\/\/gymupstore.cl\/index.php\/wp-json\/wp\/v2\/product"}],"about":[{"href":"https:\/\/gymupstore.cl\/index.php\/wp-json\/wp\/v2\/types\/product"}],"replies":[{"embeddable":true,"href":"https:\/\/gymupstore.cl\/index.php\/wp-json\/wp\/v2\/comments?post=10033"}],"wp:featuredmedia":[{"embeddable":true,"href":"https:\/\/gymupstore.cl\/index.php\/wp-json\/wp\/v2\/media\/10042"}],"wp:attachment":[{"href":"https:\/\/gymupstore.cl\/index.php\/wp-json\/wp\/v2\/media?parent=10033"}],"wp:term":[{"taxonomy":"location","embeddable":true,"href":"https:\/\/gymupstore.cl\/index.php\/wp-json\/wp\/v2\/location?post=10033"},{"taxonomy":"product_cat","embeddable":true,"href":"https:\/\/gymupstore.cl\/index.php\/wp-json\/wp\/v2\/product_cat?post=10033"},{"taxonomy":"product_tag","embeddable":true,"href":"https:\/\/gymupstore.cl\/index.php\/wp-json\/wp\/v2\/product_tag?post=10033"}],"curies":[{"name":"wp","href":"https:\/\/api.w.org\/{rel}","templated":true}]}}