{"id":2667,"date":"2019-11-22T16:20:03","date_gmt":"2019-11-22T16:20:03","guid":{"rendered":"https:\/\/gymupstore.cl\/?page_id=6"},"modified":"2024-07-21T16:07:30","modified_gmt":"2024-07-21T19:07:30","slug":"nosotros","status":"publish","type":"page","link":"https:\/\/gymupstore.cl\/index.php\/nosotros\/","title":{"rendered":"Quienes Somos"},"content":{"rendered":"<p><div class=\"fusion-fullwidth fullwidth-box fusion-builder-row-1 hundred-percent-fullwidth non-hundred-percent-height-scrolling fusion-equal-height-columns\" style=\"background-color: rgba(255,255,255,0);background-position: center center;background-repeat: no-repeat;padding-top:0px;padding-right:0px;padding-bottom:0px;padding-left:0px;margin-bottom: 0px;margin-top: 0px;border-width: 0px 0px 0px 0px;border-color:#eae9e9;border-style:solid;\" ><div class=\"fusion-builder-row fusion-row\"><div class=\"fusion-layout-column fusion_builder_column fusion-builder-column-0 fusion_builder_column_1_2 1_2 fusion-one-half fusion-column-first fusion-no-small-visibility fusion-no-medium-visibility fusion-animated\" style=\"width:50%;width:calc(50% - ( ( 35px ) * 0.5 ) );margin-right: 35px;margin-top:-60px;margin-bottom:-20px;\" data-animationType=\"fadeInLeft\" data-animationDuration=\"1.0\" data-animationOffset=\"top-into-view\"><div class=\"fusion-column-wrapper fusion-flex-column-wrapper-legacy fusion-empty-column-bg-image\" style=\"background-image: url(&#039;https:\/\/gymupstore.cl\/wp-content\/uploads\/2020\/03\/IMG-20170302-WA0033.jpg&#039;);background-image: linear-gradient(180deg, rgba(0,0,0,0) 0%,rgba(0,0,0,0.3) 100%),url(https:\/\/gymupstore.cl\/wp-content\/uploads\/2020\/03\/IMG-20170302-WA0033.jpg);background-position:center center;background-repeat:no-repeat;-webkit-background-size:cover;-moz-background-size:cover;-o-background-size:cover;background-size:cover;border-radius:0px 4px 40px 0px;border-radius:0px 4px 40px 0px;overflow:hidden;padding: 0px 0px 0px 0px;\" data-bg-url=\"https:\/\/gymupstore.cl\/wp-content\/uploads\/2020\/03\/IMG-20170302-WA0033.jpg\"><div class=\"fusion-column-content-centered\"><div class=\"fusion-column-content\"><img class=\"fusion-empty-dims-img-placeholder fusion-no-large-visibility\" src=\"data:image\/svg+xml,%3Csvg%20xmlns%3D%27http%3A%2F%2Fwww.w3.org%2F2000%2Fsvg%27%20width%3D%27646%27%20height%3D%27964%27%20viewBox%3D%270%200%20646%20964%27%3E%3Crect%20width%3D%27646%27%20height%3D%27964%27%20fill-opacity%3D%220%22%2F%3E%3C%2Fsvg%3E\"><\/div><\/div><div class=\"fusion-clearfix\"><\/div><\/div><\/div><div class=\"fusion-layout-column fusion_builder_column fusion-builder-column-1 fusion_builder_column_1_2 1_2 fusion-one-half fusion-column-last fusion-animated\" style=\"width:50%;width:calc(50% - ( ( 35px ) * 0.5 ) );margin-top:0px;margin-bottom:0px;\" data-animationType=\"fadeInRight\" data-animationDuration=\"0.8\" data-animationOffset=\"top-into-view\"><div class=\"fusion-column-wrapper fusion-flex-column-wrapper-legacy\" style=\"background-position:left top;background-repeat:no-repeat;-webkit-background-size:cover;-moz-background-size:cover;-o-background-size:cover;background-size:cover;padding: 13% 10% 18% 10%;\"><style type=\"text\/css\"><\/style><div class=\"fusion-title title fusion-title-1 fusion-sep-none fusion-title-text fusion-title-size-two\" style=\"font-size:28px;margin-top:0px;margin-right:0px;margin-bottom:40px;margin-left:0px;\"><h2 class=\"title-heading-left fusion-responsive-typography-calculated\" style=\"margin:0;font-size:1em;color:#7bc625;--fontSize:28;--minFontSize:28px;line-height:1.28;\">Historia<\/h2><\/div><style type=\"text\/css\"><\/style><div class=\"fusion-title title fusion-title-2 fusion-sep-none fusion-title-text fusion-title-size-three\" style=\"font-size:62px;margin-top:0px;margin-right:0px;margin-bottom:40px;margin-left:0px;\"><h3 class=\"title-heading-left fusion-responsive-typography-calculated\" style=\"margin:0;font-size:1em;--fontSize:62;line-height:1.36;\">Gym Up Store<\/h3><\/div><div class=\"fusion-text fusion-text-1\"><p><strong>Gym Up Store: Revolucionando el Fitness en Puerto Montt desde 2009<\/strong><\/p>\n<p>Bienvenidos a Gym Up Store, la primera y \u00fanica tienda de suplementos en Puerto Montt que ha perdurado con \u00e9xito desde 2009. Nos encontramos en la hist\u00f3rica Avenida Cardonal, pero no nos dejemos enga\u00f1ar por nuestra ubicaci\u00f3n. Gym Up Store no es solo una tienda &#8220;de barrio&#8221;; somos un referente en el mundo del fitness y la nutrici\u00f3n deportiva.<\/p>\n<p>En Gym Up Store, no solo vendemos suplementos de alta calidad, sino que tambi\u00e9n ofrecemos una amplia variedad de accesorios, indumentaria y equipos deportivos. Nos hemos comprometido a ser un punto de referencia integral para todas tus necesidades de fitness, proporcionando desde el mejor equipamiento hasta los productos m\u00e1s innovadores y dif\u00edciles de conseguir en Chile, como los Ecdisteroides, el \u00c1cido Fosfat\u00eddico y el Calostro Bovino.<\/p>\n<p>Adem\u00e1s de nuestra oferta de productos, brindamos servicios personalizados que se adaptan a tus necesidades espec\u00edficas. Contamos con entrenamiento personalizado en nuestro gimnasio privado, nutrici\u00f3n deportiva, entrenamiento en modalidad online y asesoramiento farmacol\u00f3gico deportivo avanzado. Nuestro objetivo es ayudarte a alcanzar tus metas de la manera m\u00e1s eficiente y segura posible.<\/p>\n<p>En 2019, dimos un paso m\u00e1s en nuestro compromiso con la excelencia al crear nuestra propia marca de suplementos alimenticios, Monstabolic. Esta l\u00ednea de productos premium ha sido dise\u00f1ada para ofrecerte la m\u00e1s alta calidad y efectividad, respaldada por la ciencia y la innovaci\u00f3n.<\/p>\n<p>Nuestra reputaci\u00f3n habla por s\u00ed sola: miles de ventas realizadas, innumerables clientes satisfechos y una comunidad de personas que saben reconocer lo que es bueno. Gym Up Store no es solo una tienda; es una experiencia completa que redefine lo que significa ser una tienda de suplementos en Puerto Montt.<\/p>\n<p>Vis\u00edtanos y descubre por qu\u00e9 Gym Up Store es el destino preferido para quienes buscan lo mejor en fitness y nutrici\u00f3n deportiva. \u00a1Porque tu \u00e9xito es nuestro \u00e9xito!<\/p>\n<p><strong>Un poco de Historia<\/strong><\/p>\n<p>A\u00f1o 2009, el a\u00f1o en que Byron Herz comenz\u00f3 a vender suplementos alimenticios en &#8220;Gym Performance&#8221;, el gimnasio de su abuelo y madre. Durante todos esos a\u00f1os lo hac\u00eda bajo el giro comercial del mismo gimnasio, hasta que el a\u00f1o 2015 naci\u00f3 de manera independiente Gym Up Store. En esa \u00e9poca, Byron se dedicaba al F\u00edsico Culturismo, logrando en el a\u00f1o 2018 el t\u00edtulo de &#8220;Campe\u00f3n Internacional Juvenil Muscle Open Chile&#8221; y Top 4 Overall.<\/p>\n<p>La comercializaci\u00f3n de suplementaci\u00f3n deportiva siempre fue de su inter\u00e9s, por ello es que gener\u00f3 lazos comerciales con Biofood Nutrition el a\u00f1o 2009, junto a su actual socio comercial Mario Inostroza, logrando as\u00ed convertirse en distribuidor oficial de toda la zona sur del pa\u00eds.<\/p>\n<p>Gym Up Store se implant\u00f3 como tienda en 2015 ya con una extensa variedad de marcas deportivas en suplementaci\u00f3n y posterior a esto desarroll\u00f3 su propia marca de suplementos alimenticios llamada Monstabolic, lanzada el a\u00f1o 2019, donde se destacaron inmediatamente 2 tipos de productos, como las bebidas energ\u00e9ticas y la prote\u00edna &#8220;Monster Viking&#8221;.<\/p>\n<p>Las operaciones de Gym Up Store se realizan en alianza con Gym Performace, gimnasio privado donde se ofrece asesor\u00eda especializada a deportistas de todas las disciplinas y en donde se encuentra la primera tienda de Gym Up Store, con atenci\u00f3n personalizada a trav\u00e9s de Byron Herz y su esposa Constanza Mancilla.<\/p>\n<\/div><div class=\"fusion-sep-clear\"><\/div><div class=\"fusion-separator fusion-full-width-sep\" style=\"margin-left: auto;margin-right: auto;margin-bottom:15px;width:100%;\"><\/div><div class=\"fusion-sep-clear\"><\/div><div class=\"fusion-button-wrapper\"><style>.fusion-button.button-1{border-color:#ffffff;border-radius:40px 40px 40px 40px;background:#7bc625;}.fusion-button.button-1 .fusion-button-text,.fusion-button.button-1 i,.fusion-button.button-1:hover .fusion-button-text,.fusion-button.button-1:hover i,.fusion-button.button-1:focus .fusion-button-text,.fusion-button.button-1:focus i,.fusion-button.button-1:active .fusion-button-text,.fusion-button.button-1:active i{color:#ffffff;}.fusion-button.button-1:hover,.fusion-button.button-1:active,.fusion-button.button-1:focus{border-color:#ffffff;background:#7bc625;}<\/style><a class=\"fusion-button button-flat button-xlarge button-custom button-1 fusion-button-default-span fusion-button-default-type\" target=\"_self\" href=\"https:\/\/gymupstore.cl\/videos\/\"><i class=\"fitness-heartrate button-icon-left\" aria-hidden=\"true\"><\/i><span class=\"fusion-button-text\">Conoce nuestros productos<\/span><\/a><\/div><div class=\"fusion-sep-clear\"><\/div><div class=\"fusion-separator fusion-full-width-sep\" style=\"margin-left: auto;margin-right: auto;margin-bottom:10px;width:100%;\"><\/div><div class=\"fusion-sep-clear\"><\/div><div class=\"fusion-clearfix\"><\/div><\/div><\/div><\/div><\/div><div class=\"fusion-fullwidth fullwidth-box fusion-builder-row-2 nonhundred-percent-fullwidth non-hundred-percent-height-scrolling\" style=\"background-color: #f4f4f4;background-position: center center;background-repeat: no-repeat;padding-top:0px;padding-right:0px;padding-bottom:0px;padding-left:0px;margin-bottom: 0px;margin-top: 0px;border-width: 0px 0px 0px 0px;border-color:#eae9e9;border-style:solid;\" ><div class=\"fusion-builder-row fusion-row\"><div class=\"fusion-layout-column fusion_builder_column fusion-builder-column-2 fusion_builder_column_1_2 1_2 fusion-one-half fusion-column-first\" style=\"width:50%;width:calc(50% - ( ( 4% ) * 0.5 ) );margin-right: 4%;margin-top:0px;margin-bottom:20px;\"><div class=\"fusion-column-wrapper fusion-flex-column-wrapper-legacy\" style=\"background-position:left top;background-repeat:no-repeat;-webkit-background-size:cover;-moz-background-size:cover;-o-background-size:cover;background-size:cover;padding: 0px 0px 0px 0px;\"><div class=\"fusion-text fusion-text-2\"><h2><strong>Misi\u00f3n<\/strong><\/h2>\n<p>Dar a conocer a todos nuestros clientes y al p\u00fablico en general, los beneficios que se obtienen a trav\u00e9s de actividad f\u00edsica y la nutrici\u00f3n equilibrada para una vida m\u00e1s sana y activa.\u00a0 Ofrecemos un servicio de excelencia con productos exclusivos en Chile y asesor\u00edas personalizadas para cada uno de ustedes.<\/p>\n<\/div><div class=\"fusion-clearfix\"><\/div><\/div><\/div><div class=\"fusion-layout-column fusion_builder_column fusion-builder-column-3 fusion_builder_column_1_2 1_2 fusion-one-half fusion-column-last\" style=\"width:50%;width:calc(50% - ( ( 4% ) * 0.5 ) );margin-top:0px;margin-bottom:20px;\"><div class=\"fusion-column-wrapper fusion-flex-column-wrapper-legacy\" style=\"background-position:left top;background-repeat:no-repeat;-webkit-background-size:cover;-moz-background-size:cover;-o-background-size:cover;background-size:cover;padding: 0px 0px 0px 0px;\"><div class=\"fusion-text fusion-text-3\"><h2><strong>Visi\u00f3n<\/strong><\/h2>\n<p>Lograr presencia nacional de nuestros productos\u00a0 y servicios, con el respaldo de las marcas representadas.\u00a0 Buscamos ser la mejor opci\u00f3n para nuestros clientes que buscan complementar la actividad f\u00edsica y la suplementaci\u00f3n alimenticia para lograr sus objetivos. Desarrollar y aplicar constantemente una atenci\u00f3n Premium para nuestros clientes.<\/p>\n<\/div><div class=\"fusion-clearfix\"><\/div><\/div><\/div><\/div><\/div><div class=\"fusion-fullwidth fullwidth-box fusion-builder-row-3 fusion-parallax-none nonhundred-percent-fullwidth non-hundred-percent-height-scrolling\" style=\"background-color: #060607;background-image: url(&quot;https:\/\/gymupstore.cl\/wp-content\/uploads\/2019\/11\/banner15@2x.jpg&quot;);background-image:linear-gradient(90deg, #060607 47%,rgba(6,6,7,0) 76%),url(https:\/\/gymupstore.cl\/wp-content\/uploads\/2019\/11\/banner15@2x.jpg);background-position: right bottom;background-repeat: no-repeat;padding-top:0px;padding-right:0px;padding-bottom:5%;padding-left:0px;margin-bottom: 0px;margin-top: 0px;border-width: 0px 0px 0px 0px;border-color:#eae9e9;border-style:solid;-webkit-background-size:cover;-moz-background-size:cover;-o-background-size:cover;background-size:cover;\" ><div class=\"fusion-builder-row fusion-row\"><div class=\"fusion-layout-column fusion_builder_column fusion-builder-column-4 fusion_builder_column_2_3 2_3 fusion-two-third fusion-column-first fusion-animated\" style=\"width:66.666666666667%;width:calc(66.666666666667% - ( ( 4% ) * 0.66666666666667 ) );margin-right: 4%;margin-top:0px;margin-bottom:20px;\" data-animationType=\"fadeInLeft\" data-animationDuration=\"1.0\" data-animationOffset=\"top-into-view\"><div class=\"fusion-column-wrapper fusion-flex-column-wrapper-legacy\" style=\"background-position:left top;background-repeat:no-repeat;-webkit-background-size:cover;-moz-background-size:cover;-o-background-size:cover;background-size:cover;padding: 0px 0px 0px 0px;\"><style type=\"text\/css\"><\/style><div class=\"fusion-title title fusion-title-3 fusion-sep-none fusion-title-text fusion-title-size-two\" style=\"font-size:28px;margin-top:0px;margin-right:0px;margin-bottom:25px;margin-left:0px;\"><h2 class=\"title-heading-left fusion-responsive-typography-calculated\" style=\"margin:0;font-size:1em;color:#7bc625;--fontSize:28;--minFontSize:28px;line-height:1.28;\"><p class=\"title-heading-left fusion-responsive-typography-calculated\" data-fontsize=\"28\" data-lineheight=\"35.84px\">\u00bfQu\u00e9 Necesito?<\/p><\/h2><\/div><style type=\"text\/css\"><\/style><div class=\"fusion-title title fusion-title-4 fusion-sep-none fusion-title-text fusion-title-size-three\" style=\"font-size:58px;margin-top:0px;margin-right:0px;margin-bottom:10px;margin-left:0px;\"><h3 class=\"title-heading-left fusion-responsive-typography-calculated\" style=\"margin:0;font-size:1em;color:#ffffff;--fontSize:58;line-height:1.21;\"><p class=\"title-heading-left fusion-responsive-typography-calculated\" data-fontsize=\"58\" data-lineheight=\"70.18px\">Env\u00edanos un correo y te Ayudamos!<\/p><\/h3><\/div><i class=\"fb-icon-element-1 fb-icon-element fontawesome-icon fitness-separator circle-no fusion-text-flow\" style=\"font-size:68px;margin-bottom:20px;\"><\/i><style>i.fb-icon-element.fontawesome-icon.fb-icon-element-1{ color: #7bc625;}i.fb-icon-element.fontawesome-icon.fb-icon-element-1:hover { color: #7bc625;}<\/style><div role=\"form\" class=\"wpcf7\" id=\"wpcf7-f2907-o1\" lang=\"es-ES\" dir=\"ltr\">\n<div class=\"screen-reader-response\"><p role=\"status\" aria-live=\"polite\" aria-atomic=\"true\"><\/p> <ul><\/ul><\/div>\n<form action=\"\/index.php\/wp-json\/wp\/v2\/pages\/2667#wpcf7-f2907-o1\" method=\"post\" class=\"wpcf7-form init\" novalidate=\"novalidate\" data-status=\"init\">\n<div style=\"display: none;\">\n<input type=\"hidden\" name=\"_wpcf7\" value=\"2907\" \/>\n<input type=\"hidden\" name=\"_wpcf7_version\" value=\"5.5.2\" \/>\n<input type=\"hidden\" name=\"_wpcf7_locale\" value=\"es_ES\" \/>\n<input type=\"hidden\" name=\"_wpcf7_unit_tag\" value=\"wpcf7-f2907-o1\" \/>\n<input type=\"hidden\" name=\"_wpcf7_container_post\" value=\"0\" \/>\n<input type=\"hidden\" name=\"_wpcf7_posted_data_hash\" value=\"\" \/>\n<\/div>\n<div class=\"fusion-layout-column\" style=\"width:100%;\">\n<span class=\"wpcf7-form-control-wrap email-796\"><input type=\"email\" name=\"email-796\" value=\"\" size=\"40\" class=\"wpcf7-form-control wpcf7-text wpcf7-email wpcf7-validates-as-required wpcf7-validates-as-email\" aria-required=\"true\" aria-invalid=\"false\" placeholder=\"Ingresa tu Email ...\" \/><\/span>\n<\/div>\n<div class=\"fusion-layout-column\" style=\"width:100%;\">\n<span class=\"wpcf7-form-control-wrap text-255\"><input type=\"text\" name=\"text-255\" value=\"\" size=\"40\" class=\"wpcf7-form-control wpcf7-text wpcf7-validates-as-required\" aria-required=\"true\" aria-invalid=\"false\" placeholder=\"Escriba su consulta ...\" \/><\/span>\n<\/div>\n<p><input type=\"submit\" class=\"wpcf7-form-control wpcf7-submit\" value=\"Enviar\" style=\"padding: 20px 30px; font-size: 18px;\"><\/p>\n<div class=\"fusion-alert alert custom alert-custom fusion-alert-center wpcf7-response-output fusion-alert-capitalize alert-dismissable\" style=\"border-width:1px;\"><button type=\"button\" class=\"close toggle-alert\" data-dismiss=\"alert\" aria-label=\"Close\">&times;<\/button><div class=\"fusion-alert-content-wrapper\"><span class=\"fusion-alert-content\"><\/span><\/div><\/div><\/form><\/div><div class=\"fusion-sep-clear\"><\/div><div class=\"fusion-separator fusion-full-width-sep\" style=\"margin-left: auto;margin-right: auto;margin-bottom:15px;width:100%;\"><\/div><div class=\"fusion-sep-clear\"><\/div><div class=\"fusion-text fusion-text-4\"><p style=\"color: #98939f; font-size: 23px;\" data-fusion-font=\"true\">Entre todos los productos, si no sabes qu\u00e9 suplementos usar, incluso has sido deportista hace tiempo o quiz\u00e1s solo quieras consumir productos que te ayuden en tu d\u00eda a d\u00eda, pero tienes esa duda de cual producto podr\u00eda beneficiarte m\u00e1s. Est\u00e1s de suerte, ya que en Gym Up Store te asesoramos en tu compra, cu\u00e9ntanos cu\u00e1les son tus objetivos o necesidades y te responderemos a la brevedad!<\/p>\n<\/div><div class=\"fusion-clearfix\"><\/div><\/div><\/div><\/div><\/div><\/p>\n","protected":false},"excerpt":{"rendered":"","protected":false},"author":1,"featured_media":2689,"parent":0,"menu_order":0,"comment_status":"closed","ping_status":"closed","template":"100-width.php","meta":[],"_links":{"self":[{"href":"https:\/\/gymupstore.cl\/index.php\/wp-json\/wp\/v2\/pages\/2667"}],"collection":[{"href":"https:\/\/gymupstore.cl\/index.php\/wp-json\/wp\/v2\/pages"}],"about":[{"href":"https:\/\/gymupstore.cl\/index.php\/wp-json\/wp\/v2\/types\/page"}],"author":[{"embeddable":true,"href":"https:\/\/gymupstore.cl\/index.php\/wp-json\/wp\/v2\/users\/1"}],"replies":[{"embeddable":true,"href":"https:\/\/gymupstore.cl\/index.php\/wp-json\/wp\/v2\/comments?post=2667"}],"version-history":[{"count":17,"href":"https:\/\/gymupstore.cl\/index.php\/wp-json\/wp\/v2\/pages\/2667\/revisions"}],"predecessor-version":[{"id":12101,"href":"https:\/\/gymupstore.cl\/index.php\/wp-json\/wp\/v2\/pages\/2667\/revisions\/12101"}],"wp:featuredmedia":[{"embeddable":true,"href":"https:\/\/gymupstore.cl\/index.php\/wp-json\/wp\/v2\/media\/2689"}],"wp:attachment":[{"href":"https:\/\/gymupstore.cl\/index.php\/wp-json\/wp\/v2\/media?parent=2667"}],"curies":[{"name":"wp","href":"https:\/\/api.w.org\/{rel}","templated":true}]}}