{"id":10917,"date":"2024-01-23T15:40:38","date_gmt":"2024-01-23T18:40:38","guid":{"rendered":"https:\/\/gymupstore.cl\/?page_id=10917"},"modified":"2024-01-23T16:44:58","modified_gmt":"2024-01-23T19:44:58","slug":"10917-2","status":"publish","type":"page","link":"https:\/\/gymupstore.cl\/index.php\/10917-2\/","title":{"rendered":"Mayorista"},"content":{"rendered":"<div class=\"fusion-fullwidth fullwidth-box fusion-builder-row-1 nonhundred-percent-fullwidth non-hundred-percent-height-scrolling\" style=\"background-color: rgba(255,255,255,0);background-position: center center;background-repeat: no-repeat;padding-top:0px;padding-right:0px;padding-bottom:0px;padding-left:0px;margin-bottom: 0px;margin-top: 0px;border-width: 0px 0px 0px 0px;border-color:#eae9e9;border-style:solid;\" ><div class=\"fusion-builder-row fusion-row\"><div class=\"fusion-layout-column fusion_builder_column fusion-builder-column-0 fusion_builder_column_1_3 1_3 fusion-one-third fusion-column-first\" style=\"width:33.333333333333%;width:calc(33.333333333333% - ( ( 4% ) * 0.33333333333333 ) );margin-right: 4%;margin-top:0px;margin-bottom:20px;\"><div class=\"fusion-column-wrapper fusion-flex-column-wrapper-legacy\" style=\"background-position:left top;background-repeat:no-repeat;-webkit-background-size:cover;-moz-background-size:cover;-o-background-size:cover;background-size:cover;padding: 0px 0px 0px 0px;\"><span class=\" fusion-imageframe imageframe-none imageframe-1 hover-type-none\"><img width=\"1080\" height=\"1080\" title=\"banner5 (1)\" src=\"https:\/\/gymupstore.cl\/wp-content\/uploads\/2024\/01\/banner5-1.png\" alt class=\"img-responsive wp-image-10918\" srcset=\"https:\/\/gymupstore.cl\/wp-content\/uploads\/2024\/01\/banner5-1-200x200.png 200w, https:\/\/gymupstore.cl\/wp-content\/uploads\/2024\/01\/banner5-1-400x400.png 400w, https:\/\/gymupstore.cl\/wp-content\/uploads\/2024\/01\/banner5-1-600x600.png 600w, https:\/\/gymupstore.cl\/wp-content\/uploads\/2024\/01\/banner5-1-800x800.png 800w, https:\/\/gymupstore.cl\/wp-content\/uploads\/2024\/01\/banner5-1.png 1080w\" sizes=\"(max-width: 1150px) 100vw, 600px\" \/><\/span><div class=\"fusion-sep-clear\"><\/div><div class=\"fusion-separator fusion-full-width-sep\" style=\"margin-left: auto;margin-right: auto;width:100%;\"><\/div><div class=\"fusion-sep-clear\"><\/div><div class=\"fusion-clearfix\"><\/div><\/div><\/div><div class=\"fusion-layout-column fusion_builder_column fusion-builder-column-1 fusion_builder_column_2_3 2_3 fusion-two-third fusion-column-last\" style=\"width:66.666666666667%;width:calc(66.666666666667% - ( ( 4% ) * 0.66666666666667 ) );margin-top:0px;margin-bottom:20px;\"><div class=\"fusion-column-wrapper fusion-flex-column-wrapper-legacy\" style=\"background-position:left top;background-repeat:no-repeat;-webkit-background-size:cover;-moz-background-size:cover;-o-background-size:cover;background-size:cover;padding: 0px 0px 0px 0px;\"><div class=\"fusion-text fusion-text-1\"><p>Contamos con una amplia gama de suplementos alimenticios y bebidas energ\u00e9ticas (entre otros), que te ayudar\u00e1n a sacarle m\u00e1s provecho a lo que siempre has amado, el deporte, la salud y optar por siempre ser y tener lo mejor.<\/p>\n<ul>\n<li>Compras sobre $300.000 para acceder a estos valores mayoristas.<\/li>\n<li>Env\u00edos por pagar. (Dependiendo del monto de compra, enviamos algunos productos para amortiguar el costo de env\u00edo)<\/li>\n<li>Te acompa\u00f1amos en tu crecimiento y mejora constante (Apoyo redes sociales y materiales).<\/li>\n<\/ul>\n<p>No dudes consultar y escribirnos a info@gymupstore.cl o a nuestro WhatsApp +569 3206 6037<\/p>\n<\/div><div class=\"fusion-sep-clear\"><\/div><div class=\"fusion-separator fusion-full-width-sep\" style=\"margin-left: auto;margin-right: auto;width:100%;\"><\/div><div class=\"fusion-sep-clear\"><\/div><div class=\"fusion-clearfix\"><\/div><\/div><\/div><div class=\"fusion-layout-column fusion_builder_column fusion-builder-column-2 fusion_builder_column_1_3 1_3 fusion-one-third fusion-column-first\" style=\"width:33.333333333333%;width:calc(33.333333333333% - ( ( 4% + 4% ) * 0.33333333333333 ) );margin-right: 4%;margin-top:0px;margin-bottom:20px;\"><div class=\"fusion-column-wrapper fusion-flex-column-wrapper-legacy\" style=\"background-position:left top;background-repeat:no-repeat;-webkit-background-size:cover;-moz-background-size:cover;-o-background-size:cover;background-size:cover;padding: 0px 0px 0px 0px;\"><span class=\" fusion-imageframe imageframe-none imageframe-2 hover-type-none\"><img width=\"2048\" height=\"2048\" title=\"363294310_765556445412590_281467211366966631_n\" src=\"https:\/\/gymupstore.cl\/wp-content\/uploads\/2024\/01\/363294310_765556445412590_281467211366966631_n.jpg\" alt class=\"img-responsive wp-image-10921\" srcset=\"https:\/\/gymupstore.cl\/wp-content\/uploads\/2024\/01\/363294310_765556445412590_281467211366966631_n-200x200.jpg 200w, https:\/\/gymupstore.cl\/wp-content\/uploads\/2024\/01\/363294310_765556445412590_281467211366966631_n-400x400.jpg 400w, https:\/\/gymupstore.cl\/wp-content\/uploads\/2024\/01\/363294310_765556445412590_281467211366966631_n-600x600.jpg 600w, https:\/\/gymupstore.cl\/wp-content\/uploads\/2024\/01\/363294310_765556445412590_281467211366966631_n-800x800.jpg 800w, https:\/\/gymupstore.cl\/wp-content\/uploads\/2024\/01\/363294310_765556445412590_281467211366966631_n-1200x1200.jpg 1200w, https:\/\/gymupstore.cl\/wp-content\/uploads\/2024\/01\/363294310_765556445412590_281467211366966631_n.jpg 2048w\" sizes=\"(max-width: 1150px) 100vw, 600px\" \/><\/span><div class=\"fusion-clearfix\"><\/div><\/div><\/div><div class=\"fusion-layout-column fusion_builder_column fusion-builder-column-3 fusion_builder_column_1_3 1_3 fusion-one-third\" style=\"width:33.333333333333%;width:calc(33.333333333333% - ( ( 4% + 4% ) * 0.33333333333333 ) );margin-right: 4%;margin-top:0px;margin-bottom:20px;\"><div class=\"fusion-column-wrapper fusion-flex-column-wrapper-legacy\" style=\"background-position:left top;background-repeat:no-repeat;-webkit-background-size:cover;-moz-background-size:cover;-o-background-size:cover;background-size:cover;padding: 0px 0px 0px 0px;\"><span class=\" fusion-imageframe imageframe-none imageframe-3 hover-type-none\"><img width=\"2400\" height=\"2400\" title=\"gym-01\" src=\"https:\/\/gymupstore.cl\/wp-content\/uploads\/2024\/01\/gym-01.png\" alt class=\"img-responsive wp-image-10920\" srcset=\"https:\/\/gymupstore.cl\/wp-content\/uploads\/2024\/01\/gym-01-200x200.png 200w, https:\/\/gymupstore.cl\/wp-content\/uploads\/2024\/01\/gym-01-400x400.png 400w, https:\/\/gymupstore.cl\/wp-content\/uploads\/2024\/01\/gym-01-600x600.png 600w, https:\/\/gymupstore.cl\/wp-content\/uploads\/2024\/01\/gym-01-800x800.png 800w, https:\/\/gymupstore.cl\/wp-content\/uploads\/2024\/01\/gym-01-1200x1200.png 1200w, https:\/\/gymupstore.cl\/wp-content\/uploads\/2024\/01\/gym-01.png 2400w\" sizes=\"(max-width: 1150px) 100vw, 600px\" \/><\/span><div class=\"fusion-clearfix\"><\/div><\/div><\/div><div class=\"fusion-layout-column fusion_builder_column fusion-builder-column-4 fusion_builder_column_1_3 1_3 fusion-one-third fusion-column-last\" style=\"width:33.333333333333%;width:calc(33.333333333333% - ( ( 4% + 4% ) * 0.33333333333333 ) );margin-top:0px;margin-bottom:20px;\"><div class=\"fusion-column-wrapper fusion-flex-column-wrapper-legacy\" style=\"background-position:left top;background-repeat:no-repeat;-webkit-background-size:cover;-moz-background-size:cover;-o-background-size:cover;background-size:cover;padding: 0px 0px 0px 0px;\"><span class=\" fusion-imageframe imageframe-none imageframe-4 hover-type-none\"><img width=\"2400\" height=\"2400\" title=\"gym-02\" src=\"https:\/\/gymupstore.cl\/wp-content\/uploads\/2024\/01\/gym-02.png\" alt class=\"img-responsive wp-image-10919\" srcset=\"https:\/\/gymupstore.cl\/wp-content\/uploads\/2024\/01\/gym-02-200x200.png 200w, https:\/\/gymupstore.cl\/wp-content\/uploads\/2024\/01\/gym-02-400x400.png 400w, https:\/\/gymupstore.cl\/wp-content\/uploads\/2024\/01\/gym-02-600x600.png 600w, https:\/\/gymupstore.cl\/wp-content\/uploads\/2024\/01\/gym-02-800x800.png 800w, https:\/\/gymupstore.cl\/wp-content\/uploads\/2024\/01\/gym-02-1200x1200.png 1200w, https:\/\/gymupstore.cl\/wp-content\/uploads\/2024\/01\/gym-02.png 2400w\" sizes=\"(max-width: 1150px) 100vw, 600px\" \/><\/span><div class=\"fusion-clearfix\"><\/div><\/div><\/div><\/div><\/div>\n","protected":false},"excerpt":{"rendered":"","protected":false},"author":1,"featured_media":10918,"parent":0,"menu_order":0,"comment_status":"closed","ping_status":"closed","template":"","meta":[],"_links":{"self":[{"href":"https:\/\/gymupstore.cl\/index.php\/wp-json\/wp\/v2\/pages\/10917"}],"collection":[{"href":"https:\/\/gymupstore.cl\/index.php\/wp-json\/wp\/v2\/pages"}],"about":[{"href":"https:\/\/gymupstore.cl\/index.php\/wp-json\/wp\/v2\/types\/page"}],"author":[{"embeddable":true,"href":"https:\/\/gymupstore.cl\/index.php\/wp-json\/wp\/v2\/users\/1"}],"replies":[{"embeddable":true,"href":"https:\/\/gymupstore.cl\/index.php\/wp-json\/wp\/v2\/comments?post=10917"}],"version-history":[{"count":6,"href":"https:\/\/gymupstore.cl\/index.php\/wp-json\/wp\/v2\/pages\/10917\/revisions"}],"predecessor-version":[{"id":10927,"href":"https:\/\/gymupstore.cl\/index.php\/wp-json\/wp\/v2\/pages\/10917\/revisions\/10927"}],"wp:featuredmedia":[{"embeddable":true,"href":"https:\/\/gymupstore.cl\/index.php\/wp-json\/wp\/v2\/media\/10918"}],"wp:attachment":[{"href":"https:\/\/gymupstore.cl\/index.php\/wp-json\/wp\/v2\/media?parent=10917"}],"curies":[{"name":"wp","href":"https:\/\/api.w.org\/{rel}","templated":true}]}}